{"id":563,"date":"2019-08-13T19:23:13","date_gmt":"2019-08-13T17:23:13","guid":{"rendered":"http:\/\/neu.ifd-frankfurt.de\/kontakt\/"},"modified":"2019-09-16T13:51:19","modified_gmt":"2019-09-16T11:51:19","slug":"impressum","status":"publish","type":"page","link":"https:\/\/www.ifd-frankfurt.de\/de-ls\/impressum\/","title":{"rendered":"Impressum"},"content":{"rendered":"\t\t<div data-elementor-type=\"wp-post\" data-elementor-id=\"563\" class=\"elementor elementor-563 elementor-47\" data-elementor-post-type=\"page\">\n\t\t\t\t\t\t<section class=\"elementor-section elementor-top-section elementor-element elementor-element-dab09e4 elementor-section-boxed elementor-section-height-default elementor-section-height-default\" data-id=\"dab09e4\" data-element_type=\"section\">\n\t\t\t\t\t\t<div class=\"elementor-container elementor-column-gap-default\">\n\t\t\t\t\t<div class=\"elementor-column elementor-col-100 elementor-top-column elementor-element elementor-element-b43756a\" data-id=\"b43756a\" data-element_type=\"column\">\n\t\t\t<div class=\"elementor-widget-wrap elementor-element-populated\">\n\t\t\t\t\t\t<div class=\"elementor-element elementor-element-8a7253d elementor-widget elementor-widget-text-editor\" data-id=\"8a7253d\" data-element_type=\"widget\" data-widget_type=\"text-editor.default\">\n\t\t\t\t<div class=\"elementor-widget-container\">\n\t\t\t\t\t\t\t\t\t<p>Frankfurter Verein f\u00fcr soziale Heimst\u00e4tten e. V.<br \/>Gro\u00dfe Seestrasse 43 &#8211; 60486 Frankfurt a. M.<br \/>Telefon 069 &#8211; 79 40 53 00<br \/>Telefax 069 &#8211; 79 40 53 01<\/p><p>Vorstand: Peter Hovermann\u00a0<\/p><p>Vereinsregister Amtsgericht Frankfurt a. M. &#8211; Nr. 5101<br \/>Umsatzsteuer-ID-Nr.: DE 114235406<\/p><p>email: <a href=\"mailto:zentrale@frankfurter-verein.de\">zentrale@frankfurter-verein.de<\/a><br \/>web: <a href=\"http:\/\/www.frankfurter-verein.de\">www.frankfurter-verein.de<\/a><\/p><p>Vorstand: Peter Hovermann, Maria Doland (stv.)<\/p>\t\t\t\t\t\t\t\t<\/div>\n\t\t\t\t<\/div>\n\t\t\t\t<div class=\"elementor-element elementor-element-3da5fc4 elementor-widget elementor-widget-text-editor\" data-id=\"3da5fc4\" data-element_type=\"widget\" data-widget_type=\"text-editor.default\">\n\t\t\t\t<div class=\"elementor-widget-container\">\n\t\t\t\t\t\t\t\t\t<h3>Haftungshinweis<\/h3>\nTrotz sorgf\u00e4ltiger inhaltlicher Kontrolle \u00fcbernehmen wir keine Haftung f\u00fcr die Inhalte externer Links. F\u00fcr den Inhalt der verlinkten Seiten sind ausschlie\u00dflich deren Betreiber verantwortlich.\n<h3>Icon-Credits:<\/h3>\n<div><strong>Angebot f\u00fcr h\u00f6rbehinderte Menschen:<\/strong>\nIcon made by <a title=\"Freepik\" href=\"https:\/\/www.freepik.com\/\">Freepik<\/a> from <a title=\"Flaticon\" href=\"https:\/\/www.flaticon.com\/\">www.flaticon.com<\/a> is licensed by <a title=\"Creative Commons BY 3.0\" href=\"http:\/\/creativecommons.org\/licenses\/by\/3.0\/\" target=\"_blank\" rel=\"noopener\">CC 3.0 BY<\/a><\/div>\n<div><\/div>\n<div><strong>Geb\u00e4rdensprache:<\/strong>\nIcon made by <a title=\"Smashicons\" href=\"https:\/\/www.flaticon.com\/authors\/smashicons\">Smashicons<\/a> from <a title=\"Flaticon\" href=\"https:\/\/www.flaticon.com\/\">www.flaticon.com<\/a> is licensed by <a title=\"Creative Commons BY 3.0\" href=\"http:\/\/creativecommons.org\/licenses\/by\/3.0\/\" target=\"_blank\" rel=\"noopener\">CC 3.0 BY<\/a><\/div>\n<div><\/div>\n<div><strong>Angebot f\u00fcr Besch\u00e4gftigte:<\/strong>\nIcons made by <a title=\"Freepik\" href=\"https:\/\/www.freepik.com\/\">Freepik<\/a> from <a title=\"Flaticon\" href=\"https:\/\/www.flaticon.com\/\">www.flaticon.com<\/a> is licensed by <a title=\"Creative Commons BY 3.0\" href=\"http:\/\/creativecommons.org\/licenses\/by\/3.0\/\" target=\"_blank\" rel=\"noopener\">CC 3.0 BY<\/a><\/div>\n<div><\/div>\n<div><strong>Angebot f\u00fcr Arbeitgeber*innen:<\/strong>\nIcons made by <a title=\"Freepik\" href=\"https:\/\/www.freepik.com\/\">Freepik<\/a> from <a title=\"Flaticon\" href=\"https:\/\/www.flaticon.com\/\">www.flaticon.com<\/a> is licensed by <a title=\"Creative Commons BY 3.0\" href=\"http:\/\/creativecommons.org\/licenses\/by\/3.0\/\" target=\"_blank\" rel=\"noopener\">CC 3.0 BY<\/a><\/div>\n<div><\/div>\n<div><strong>Angebot f\u00fcr Arbeits- und Ausbildungssuchende:<\/strong>\nIcons made by <a title=\"geotatah\" href=\"https:\/\/www.flaticon.com\/authors\/geotatah\">geotatah<\/a> from <a title=\"Flaticon\" href=\"https:\/\/www.flaticon.com\/\">www.flaticon.com<\/a> is licensed by <a title=\"Creative Commons BY 3.0\" href=\"http:\/\/creativecommons.org\/licenses\/by\/3.0\/\" target=\"_blank\" rel=\"noopener\">CC 3.0 BY<\/a><\/div>\n<div><\/div>\n<div><strong>Aktuelles:<\/strong>\nIcons made by <a title=\"Freepik\" href=\"https:\/\/www.flaticon.com\/authors\/freepik\">Freepik<\/a> from <a title=\"Flaticon\" href=\"https:\/\/www.flaticon.com\/\">www.flaticon.com<\/a><\/div>\t\t\t\t\t\t\t\t<\/div>\n\t\t\t\t<\/div>\n\t\t\t\t\t<\/div>\n\t\t<\/div>\n\t\t\t\t\t<\/div>\n\t\t<\/section>\n\t\t\t\t<\/div>\n\t\t","protected":false},"excerpt":{"rendered":"<p>Frankfurter Verein f\u00fcr soziale Heimst\u00e4tten e. V. Gro\u00dfe Seestrasse 43 &#8211; 60486 Frankfurt a. M. Telefon 069 &#8211; 79 40 53 00 Telefax 069 &#8211; 79 40 53 01 Vorstand: Peter Hovermann&nbsp; Vereinsregister Amtsgericht Frankfurt a. M. &#8211; Nr. 5101 Umsatzsteuer-ID-Nr.: DE 114235406 email: zentrale@frankfurter-verein.de web: www.frankfurter-verein.de Vorstand: Peter Hovermann, Maria Doland (stv.) Haftungshinweis Trotz [&hellip;]<\/p>\n","protected":false},"author":1,"featured_media":0,"parent":0,"menu_order":0,"comment_status":"closed","ping_status":"closed","template":"","meta":{"_acf_changed":false,"footnotes":""},"class_list":["post-563","page","type-page","status-publish","hentry"],"acf":[],"yoast_head":"<!-- This site is optimized with the Yoast SEO plugin v24.6 - https:\/\/yoast.com\/wordpress\/plugins\/seo\/ -->\n<title>Impressum - IFD Frankfurt<\/title>\n<meta name=\"robots\" content=\"index, follow, max-snippet:-1, max-image-preview:large, max-video-preview:-1\" \/>\n<link rel=\"canonical\" href=\"https:\/\/www.ifd-frankfurt.de\/impressum\/\" \/>\n<meta property=\"og:locale\" content=\"de_DE\" \/>\n<meta property=\"og:type\" content=\"article\" \/>\n<meta property=\"og:title\" content=\"Impressum - IFD Frankfurt\" \/>\n<meta property=\"og:description\" content=\"Frankfurter Verein f\u00fcr soziale Heimst\u00e4tten e. V. Gro\u00dfe Seestrasse 43 &#8211; 60486 Frankfurt a. M. Telefon 069 &#8211; 79 40 53 00 Telefax 069 &#8211; 79 40 53 01 Vorstand: Peter Hovermann&nbsp; Vereinsregister Amtsgericht Frankfurt a. M. &#8211; Nr. 5101 Umsatzsteuer-ID-Nr.: DE 114235406 email: zentrale@frankfurter-verein.de web: www.frankfurter-verein.de Vorstand: Peter Hovermann, Maria Doland (stv.) Haftungshinweis Trotz [&hellip;]\" \/>\n<meta property=\"og:url\" content=\"https:\/\/www.ifd-frankfurt.de\/impressum\/\" \/>\n<meta property=\"og:site_name\" content=\"IFD Frankfurt\" \/>\n<meta property=\"article:modified_time\" content=\"2019-09-16T11:51:19+00:00\" \/>\n<meta name=\"twitter:card\" content=\"summary_large_image\" \/>\n<meta name=\"twitter:label1\" content=\"Est. reading time\" \/>\n\t<meta name=\"twitter:data1\" content=\"1 minute\" \/>\n<script type=\"application\/ld+json\" class=\"yoast-schema-graph\">{\"@context\":\"https:\/\/schema.org\",\"@graph\":[{\"@type\":\"WebPage\",\"@id\":\"https:\/\/www.ifd-frankfurt.de\/impressum\/\",\"url\":\"https:\/\/www.ifd-frankfurt.de\/impressum\/\",\"name\":\"Impressum - IFD Frankfurt\",\"isPartOf\":{\"@id\":\"https:\/\/www.ifd-frankfurt.de\/#website\"},\"datePublished\":\"2019-08-13T17:23:13+00:00\",\"dateModified\":\"2019-09-16T11:51:19+00:00\",\"breadcrumb\":{\"@id\":\"https:\/\/www.ifd-frankfurt.de\/impressum\/#breadcrumb\"},\"inLanguage\":\"de-LS\",\"potentialAction\":[{\"@type\":\"ReadAction\",\"target\":[\"https:\/\/www.ifd-frankfurt.de\/impressum\/\"]}]},{\"@type\":\"BreadcrumbList\",\"@id\":\"https:\/\/www.ifd-frankfurt.de\/impressum\/#breadcrumb\",\"itemListElement\":[{\"@type\":\"ListItem\",\"position\":1,\"name\":\"Startseite\",\"item\":\"https:\/\/www.ifd-frankfurt.de\/de-ls\/\"},{\"@type\":\"ListItem\",\"position\":2,\"name\":\"Impressum\"}]},{\"@type\":\"WebSite\",\"@id\":\"https:\/\/www.ifd-frankfurt.de\/#website\",\"url\":\"https:\/\/www.ifd-frankfurt.de\/\",\"name\":\"IFD Frankfurt\",\"description\":\"\",\"publisher\":{\"@id\":\"https:\/\/www.ifd-frankfurt.de\/#organization\"},\"potentialAction\":[{\"@type\":\"SearchAction\",\"target\":{\"@type\":\"EntryPoint\",\"urlTemplate\":\"https:\/\/www.ifd-frankfurt.de\/?s={search_term_string}\"},\"query-input\":{\"@type\":\"PropertyValueSpecification\",\"valueRequired\":true,\"valueName\":\"search_term_string\"}}],\"inLanguage\":\"de-LS\"},{\"@type\":\"Organization\",\"@id\":\"https:\/\/www.ifd-frankfurt.de\/#organization\",\"name\":\"IFD Frankfurt\",\"url\":\"https:\/\/www.ifd-frankfurt.de\/\",\"logo\":{\"@type\":\"ImageObject\",\"inLanguage\":\"de-LS\",\"@id\":\"https:\/\/www.ifd-frankfurt.de\/#\/schema\/logo\/image\/\",\"url\":\"https:\/\/www.ifd-frankfurt.de\/wp-content\/uploads\/2019\/09\/IFD_logo.svg\",\"contentUrl\":\"https:\/\/www.ifd-frankfurt.de\/wp-content\/uploads\/2019\/09\/IFD_logo.svg\",\"width\":164,\"height\":45,\"caption\":\"IFD Frankfurt\"},\"image\":{\"@id\":\"https:\/\/www.ifd-frankfurt.de\/#\/schema\/logo\/image\/\"}}]}<\/script>\n<!-- \/ Yoast SEO plugin. -->","yoast_head_json":{"title":"Impressum - IFD Frankfurt","robots":{"index":"index","follow":"follow","max-snippet":"max-snippet:-1","max-image-preview":"max-image-preview:large","max-video-preview":"max-video-preview:-1"},"canonical":"https:\/\/www.ifd-frankfurt.de\/impressum\/","og_locale":"de_DE","og_type":"article","og_title":"Impressum - IFD Frankfurt","og_description":"Frankfurter Verein f\u00fcr soziale Heimst\u00e4tten e. V. Gro\u00dfe Seestrasse 43 &#8211; 60486 Frankfurt a. M. Telefon 069 &#8211; 79 40 53 00 Telefax 069 &#8211; 79 40 53 01 Vorstand: Peter Hovermann&nbsp; Vereinsregister Amtsgericht Frankfurt a. M. &#8211; Nr. 5101 Umsatzsteuer-ID-Nr.: DE 114235406 email: zentrale@frankfurter-verein.de web: www.frankfurter-verein.de Vorstand: Peter Hovermann, Maria Doland (stv.) Haftungshinweis Trotz [&hellip;]","og_url":"https:\/\/www.ifd-frankfurt.de\/impressum\/","og_site_name":"IFD Frankfurt","article_modified_time":"2019-09-16T11:51:19+00:00","twitter_card":"summary_large_image","twitter_misc":{"Est. reading time":"1 minute"},"schema":{"@context":"https:\/\/schema.org","@graph":[{"@type":"WebPage","@id":"https:\/\/www.ifd-frankfurt.de\/impressum\/","url":"https:\/\/www.ifd-frankfurt.de\/impressum\/","name":"Impressum - IFD Frankfurt","isPartOf":{"@id":"https:\/\/www.ifd-frankfurt.de\/#website"},"datePublished":"2019-08-13T17:23:13+00:00","dateModified":"2019-09-16T11:51:19+00:00","breadcrumb":{"@id":"https:\/\/www.ifd-frankfurt.de\/impressum\/#breadcrumb"},"inLanguage":"de-LS","potentialAction":[{"@type":"ReadAction","target":["https:\/\/www.ifd-frankfurt.de\/impressum\/"]}]},{"@type":"BreadcrumbList","@id":"https:\/\/www.ifd-frankfurt.de\/impressum\/#breadcrumb","itemListElement":[{"@type":"ListItem","position":1,"name":"Startseite","item":"https:\/\/www.ifd-frankfurt.de\/de-ls\/"},{"@type":"ListItem","position":2,"name":"Impressum"}]},{"@type":"WebSite","@id":"https:\/\/www.ifd-frankfurt.de\/#website","url":"https:\/\/www.ifd-frankfurt.de\/","name":"IFD Frankfurt","description":"","publisher":{"@id":"https:\/\/www.ifd-frankfurt.de\/#organization"},"potentialAction":[{"@type":"SearchAction","target":{"@type":"EntryPoint","urlTemplate":"https:\/\/www.ifd-frankfurt.de\/?s={search_term_string}"},"query-input":{"@type":"PropertyValueSpecification","valueRequired":true,"valueName":"search_term_string"}}],"inLanguage":"de-LS"},{"@type":"Organization","@id":"https:\/\/www.ifd-frankfurt.de\/#organization","name":"IFD Frankfurt","url":"https:\/\/www.ifd-frankfurt.de\/","logo":{"@type":"ImageObject","inLanguage":"de-LS","@id":"https:\/\/www.ifd-frankfurt.de\/#\/schema\/logo\/image\/","url":"https:\/\/www.ifd-frankfurt.de\/wp-content\/uploads\/2019\/09\/IFD_logo.svg","contentUrl":"https:\/\/www.ifd-frankfurt.de\/wp-content\/uploads\/2019\/09\/IFD_logo.svg","width":164,"height":45,"caption":"IFD Frankfurt"},"image":{"@id":"https:\/\/www.ifd-frankfurt.de\/#\/schema\/logo\/image\/"}}]}},"_links":{"self":[{"href":"https:\/\/www.ifd-frankfurt.de\/de-ls\/wp-json\/wp\/v2\/pages\/563","targetHints":{"allow":["GET"]}}],"collection":[{"href":"https:\/\/www.ifd-frankfurt.de\/de-ls\/wp-json\/wp\/v2\/pages"}],"about":[{"href":"https:\/\/www.ifd-frankfurt.de\/de-ls\/wp-json\/wp\/v2\/types\/page"}],"author":[{"embeddable":true,"href":"https:\/\/www.ifd-frankfurt.de\/de-ls\/wp-json\/wp\/v2\/users\/1"}],"replies":[{"embeddable":true,"href":"https:\/\/www.ifd-frankfurt.de\/de-ls\/wp-json\/wp\/v2\/comments?post=563"}],"version-history":[{"count":7,"href":"https:\/\/www.ifd-frankfurt.de\/de-ls\/wp-json\/wp\/v2\/pages\/563\/revisions"}],"predecessor-version":[{"id":1045,"href":"https:\/\/www.ifd-frankfurt.de\/de-ls\/wp-json\/wp\/v2\/pages\/563\/revisions\/1045"}],"wp:attachment":[{"href":"https:\/\/www.ifd-frankfurt.de\/de-ls\/wp-json\/wp\/v2\/media?parent=563"}],"curies":[{"name":"wp","href":"https:\/\/api.w.org\/{rel}","templated":true}]}}