{"id":302,"date":"2019-08-13T19:25:58","date_gmt":"2019-08-13T17:25:58","guid":{"rendered":"http:\/\/neu.ifd-frankfurt.de\/angebot-fuer-arbeitssuchende\/"},"modified":"2020-01-01T18:12:43","modified_gmt":"2020-01-01T17:12:43","slug":"angebot-fuer-arbeitssuchende","status":"publish","type":"page","link":"https:\/\/www.ifd-frankfurt.de\/de-ls\/angebot-fuer-arbeitssuchende\/","title":{"rendered":"Angebot f\u00fcr Arbeitssuchende"},"content":{"rendered":"\t\t<div data-elementor-type=\"wp-post\" data-elementor-id=\"302\" class=\"elementor elementor-302 elementor-55\" data-elementor-post-type=\"page\">\n\t\t\t\t\t\t<section class=\"elementor-section elementor-top-section elementor-element elementor-element-1b68d922 elementor-section-height-min-height elementor-section-items-top elementor-section-boxed elementor-section-height-default\" data-id=\"1b68d922\" data-element_type=\"section\">\n\t\t\t\t\t\t<div class=\"elementor-container elementor-column-gap-default\">\n\t\t\t\t\t<div class=\"elementor-column elementor-col-100 elementor-top-column elementor-element elementor-element-6225c47e\" data-id=\"6225c47e\" data-element_type=\"column\">\n\t\t\t<div class=\"elementor-widget-wrap elementor-element-populated\">\n\t\t\t\t\t\t<div class=\"elementor-element elementor-element-4c7b6b74 elementor--v-position-bottom elementor--h-position-center elementor-widget elementor-widget-slides\" data-id=\"4c7b6b74\" data-element_type=\"widget\" data-settings=\"{&quot;navigation&quot;:&quot;none&quot;,&quot;transition&quot;:&quot;slide&quot;,&quot;transition_speed&quot;:500}\" data-widget_type=\"slides.default\">\n\t\t\t\t<div class=\"elementor-widget-container\">\n\t\t\t\t\t\t\t\t\t<div class=\"elementor-swiper\">\n\t\t\t\t\t<div class=\"elementor-slides-wrapper elementor-main-swiper swiper\" role=\"region\" aria-roledescription=\"carousel\" aria-label=\"Slides\" dir=\"ltr\" data-animation=\"fadeInUp\">\n\t\t\t\t<div class=\"swiper-wrapper elementor-slides\">\n\t\t\t\t\t\t\t\t\t\t<div class=\"elementor-repeater-item-1610643 swiper-slide\" role=\"group\" aria-roledescription=\"slide\"><div class=\"swiper-slide-bg\" role=\"img\"><\/div><div class=\"swiper-slide-inner\" ><div class=\"swiper-slide-contents\"><\/div><\/div><\/div>\t\t\t\t<\/div>\n\t\t\t\t\t\t\t<\/div>\n\t\t\t\t<\/div>\n\t\t\t\t\t\t\t\t<\/div>\n\t\t\t\t<\/div>\n\t\t\t\t\t<\/div>\n\t\t<\/div>\n\t\t\t\t\t<\/div>\n\t\t<\/section>\n\t\t\t\t<section class=\"elementor-section elementor-top-section elementor-element elementor-element-26915e94 elementor-section-boxed elementor-section-height-default elementor-section-height-default\" data-id=\"26915e94\" data-element_type=\"section\">\n\t\t\t\t\t\t<div class=\"elementor-container elementor-column-gap-no\">\n\t\t\t\t\t<div class=\"elementor-column elementor-col-100 elementor-top-column elementor-element elementor-element-47518421\" data-id=\"47518421\" data-element_type=\"column\">\n\t\t\t<div class=\"elementor-widget-wrap elementor-element-populated\">\n\t\t\t\t\t\t<section class=\"elementor-section elementor-inner-section elementor-element elementor-element-d307403 elementor-section-boxed elementor-section-height-default elementor-section-height-default\" data-id=\"d307403\" data-element_type=\"section\">\n\t\t\t\t\t\t<div class=\"elementor-container elementor-column-gap-default\">\n\t\t\t\t\t<div class=\"elementor-column elementor-col-100 elementor-inner-column elementor-element elementor-element-67b711c4\" data-id=\"67b711c4\" data-element_type=\"column\">\n\t\t\t<div class=\"elementor-widget-wrap elementor-element-populated\">\n\t\t\t\t\t\t<div class=\"elementor-element elementor-element-4a086caa lined elementor-widget elementor-widget-heading\" data-id=\"4a086caa\" data-element_type=\"widget\" data-widget_type=\"heading.default\">\n\t\t\t\t<div class=\"elementor-widget-container\">\n\t\t\t\t\t<h2 class=\"elementor-heading-title elementor-size-default\">Angebot f\u00fcr Arbeit- und Ausbildungsuchende <\/h2>\t\t\t\t<\/div>\n\t\t\t\t<\/div>\n\t\t\t\t\t<\/div>\n\t\t<\/div>\n\t\t\t\t\t<\/div>\n\t\t<\/section>\n\t\t\t\t<section class=\"elementor-section elementor-inner-section elementor-element elementor-element-32dcd7f1 elementor-section-boxed elementor-section-height-default elementor-section-height-default\" data-id=\"32dcd7f1\" data-element_type=\"section\">\n\t\t\t\t\t\t<div class=\"elementor-container elementor-column-gap-default\">\n\t\t\t\t\t<div class=\"elementor-column elementor-col-50 elementor-inner-column elementor-element elementor-element-a069d75\" data-id=\"a069d75\" data-element_type=\"column\">\n\t\t\t<div class=\"elementor-widget-wrap elementor-element-populated\">\n\t\t\t\t\t\t<div class=\"elementor-element elementor-element-44967c83 elementor-widget elementor-widget-image\" data-id=\"44967c83\" data-element_type=\"widget\" data-widget_type=\"image.default\">\n\t\t\t\t<div class=\"elementor-widget-container\">\n\t\t\t\t\t\t\t\t\t\t\t\t\t\t\t<img fetchpriority=\"high\" decoding=\"async\" width=\"800\" height=\"534\" src=\"https:\/\/www.ifd-frankfurt.de\/wp-content\/uploads\/2019\/09\/img_arbeitssuchende.jpg\" class=\"attachment-large size-large wp-image-1022\" alt=\"\" srcset=\"https:\/\/www.ifd-frankfurt.de\/wp-content\/uploads\/2019\/09\/img_arbeitssuchende.jpg 800w, https:\/\/www.ifd-frankfurt.de\/wp-content\/uploads\/2019\/09\/img_arbeitssuchende-300x200.jpg 300w, https:\/\/www.ifd-frankfurt.de\/wp-content\/uploads\/2019\/09\/img_arbeitssuchende-768x513.jpg 768w\" sizes=\"(max-width: 800px) 100vw, 800px\" \/>\t\t\t\t\t\t\t\t\t\t\t\t\t\t\t<\/div>\n\t\t\t\t<\/div>\n\t\t\t\t\t<\/div>\n\t\t<\/div>\n\t\t\t\t<div class=\"elementor-column elementor-col-50 elementor-inner-column elementor-element elementor-element-36876989\" data-id=\"36876989\" data-element_type=\"column\">\n\t\t\t<div class=\"elementor-widget-wrap elementor-element-populated\">\n\t\t\t\t\t\t<div class=\"elementor-element elementor-element-3f35523e elementor-widget elementor-widget-text-editor\" data-id=\"3f35523e\" data-element_type=\"widget\" data-widget_type=\"text-editor.default\">\n\t\t\t\t<div class=\"elementor-widget-container\">\n\t\t\t\t\t\t\t\t\t<p>Der Integrations-Fachdienst Frankfurt (IFD) hilft Ihnen auch dabei, eine f\u00fcr Sie passende Arbeitsstelle in Frankfurt oder im \u00f6stlichen Main-Taunus-Kreis zu finden.<\/p><p>Dazu muss ein Rehabilitations-Tr\u00e4ger vorher best\u00e4tigen, dass die Kosten \u00fcbernommen werden.<\/p><p>Rufen Sie uns an und vereinbaren Sie einen Termin mit uns.<br \/><br \/>Wir beraten Sie gerne pers\u00f6nlich!<\/p><p>Es ist wichtig einen Termin zu vereinbaren,<br \/>damit der Fachdienst sich um Sie k\u00fcmmern kann.<\/p><p>Klicken Sie hier f\u00fcr mehr Informationen:<\/p>\t\t\t\t\t\t\t\t<\/div>\n\t\t\t\t<\/div>\n\t\t\t\t<div class=\"elementor-element elementor-element-76a14752 elementor-align-left elementor-widget elementor-widget-button\" data-id=\"76a14752\" data-element_type=\"widget\" data-widget_type=\"button.default\">\n\t\t\t\t<div class=\"elementor-widget-container\">\n\t\t\t\t\t\t\t\t\t<div class=\"elementor-button-wrapper\">\n\t\t\t\t\t<a class=\"elementor-button elementor-button-link elementor-size-sm\" href=\"https:\/\/www.ifd-frankfurt.de\/de-ls\/kontakt\/\">\n\t\t\t\t\t\t<span class=\"elementor-button-content-wrapper\">\n\t\t\t\t\t\t\t\t\t<span class=\"elementor-button-text\">Zur Kontaktseite<\/span>\n\t\t\t\t\t<\/span>\n\t\t\t\t\t<\/a>\n\t\t\t\t<\/div>\n\t\t\t\t\t\t\t\t<\/div>\n\t\t\t\t<\/div>\n\t\t\t\t\t<\/div>\n\t\t<\/div>\n\t\t\t\t\t<\/div>\n\t\t<\/section>\n\t\t\t\t\t<\/div>\n\t\t<\/div>\n\t\t\t\t\t<\/div>\n\t\t<\/section>\n\t\t\t\t<\/div>\n\t\t","protected":false},"excerpt":{"rendered":"<p>Angebot f\u00fcr Arbeit- und Ausbildungsuchende Der Integrations-Fachdienst Frankfurt (IFD) hilft Ihnen auch dabei, eine f\u00fcr Sie passende Arbeitsstelle in Frankfurt oder im \u00f6stlichen Main-Taunus-Kreis zu finden. Dazu muss ein Rehabilitations-Tr\u00e4ger vorher best\u00e4tigen, dass die Kosten \u00fcbernommen werden. Rufen Sie uns an und vereinbaren Sie einen Termin mit uns. Wir beraten Sie gerne pers\u00f6nlich! Es ist [&hellip;]<\/p>\n","protected":false},"author":1,"featured_media":0,"parent":0,"menu_order":0,"comment_status":"closed","ping_status":"closed","template":"","meta":{"_acf_changed":false,"footnotes":""},"class_list":["post-302","page","type-page","status-publish","hentry"],"acf":[],"yoast_head":"<!-- This site is optimized with the Yoast SEO plugin v24.6 - https:\/\/yoast.com\/wordpress\/plugins\/seo\/ -->\n<title>Angebot f\u00fcr Arbeitssuchende - IFD Frankfurt<\/title>\n<meta name=\"robots\" content=\"index, follow, max-snippet:-1, max-image-preview:large, max-video-preview:-1\" \/>\n<link rel=\"canonical\" href=\"https:\/\/www.ifd-frankfurt.de\/angebot-fuer-arbeitssuchende\/\" \/>\n<meta property=\"og:locale\" content=\"de_DE\" \/>\n<meta property=\"og:type\" content=\"article\" \/>\n<meta property=\"og:title\" content=\"Angebot f\u00fcr Arbeitssuchende - IFD Frankfurt\" \/>\n<meta property=\"og:description\" content=\"Angebot f\u00fcr Arbeit- und Ausbildungsuchende Der Integrations-Fachdienst Frankfurt (IFD) hilft Ihnen auch dabei, eine f\u00fcr Sie passende Arbeitsstelle in Frankfurt oder im \u00f6stlichen Main-Taunus-Kreis zu finden. Dazu muss ein Rehabilitations-Tr\u00e4ger vorher best\u00e4tigen, dass die Kosten \u00fcbernommen werden. Rufen Sie uns an und vereinbaren Sie einen Termin mit uns. Wir beraten Sie gerne pers\u00f6nlich! Es ist [&hellip;]\" \/>\n<meta property=\"og:url\" content=\"https:\/\/www.ifd-frankfurt.de\/angebot-fuer-arbeitssuchende\/\" \/>\n<meta property=\"og:site_name\" content=\"IFD Frankfurt\" \/>\n<meta property=\"article:modified_time\" content=\"2020-01-01T17:12:43+00:00\" \/>\n<meta property=\"og:image\" content=\"https:\/\/www.ifd-frankfurt.de\/wp-content\/uploads\/2019\/09\/img_arbeitssuchende.jpg\" \/>\n<meta name=\"twitter:card\" content=\"summary_large_image\" \/>\n<script type=\"application\/ld+json\" class=\"yoast-schema-graph\">{\"@context\":\"https:\/\/schema.org\",\"@graph\":[{\"@type\":\"WebPage\",\"@id\":\"https:\/\/www.ifd-frankfurt.de\/angebot-fuer-arbeitssuchende\/\",\"url\":\"https:\/\/www.ifd-frankfurt.de\/angebot-fuer-arbeitssuchende\/\",\"name\":\"Angebot f\u00fcr Arbeitssuchende - IFD Frankfurt\",\"isPartOf\":{\"@id\":\"https:\/\/www.ifd-frankfurt.de\/#website\"},\"primaryImageOfPage\":{\"@id\":\"https:\/\/www.ifd-frankfurt.de\/angebot-fuer-arbeitssuchende\/#primaryimage\"},\"image\":{\"@id\":\"https:\/\/www.ifd-frankfurt.de\/angebot-fuer-arbeitssuchende\/#primaryimage\"},\"thumbnailUrl\":\"https:\/\/www.ifd-frankfurt.de\/wp-content\/uploads\/2019\/09\/img_arbeitssuchende.jpg\",\"datePublished\":\"2019-08-13T17:25:58+00:00\",\"dateModified\":\"2020-01-01T17:12:43+00:00\",\"breadcrumb\":{\"@id\":\"https:\/\/www.ifd-frankfurt.de\/angebot-fuer-arbeitssuchende\/#breadcrumb\"},\"inLanguage\":\"de-LS\",\"potentialAction\":[{\"@type\":\"ReadAction\",\"target\":[\"https:\/\/www.ifd-frankfurt.de\/angebot-fuer-arbeitssuchende\/\"]}]},{\"@type\":\"ImageObject\",\"inLanguage\":\"de-LS\",\"@id\":\"https:\/\/www.ifd-frankfurt.de\/angebot-fuer-arbeitssuchende\/#primaryimage\",\"url\":\"https:\/\/www.ifd-frankfurt.de\/wp-content\/uploads\/2019\/09\/img_arbeitssuchende.jpg\",\"contentUrl\":\"https:\/\/www.ifd-frankfurt.de\/wp-content\/uploads\/2019\/09\/img_arbeitssuchende.jpg\"},{\"@type\":\"BreadcrumbList\",\"@id\":\"https:\/\/www.ifd-frankfurt.de\/angebot-fuer-arbeitssuchende\/#breadcrumb\",\"itemListElement\":[{\"@type\":\"ListItem\",\"position\":1,\"name\":\"Startseite\",\"item\":\"https:\/\/www.ifd-frankfurt.de\/de-ls\/\"},{\"@type\":\"ListItem\",\"position\":2,\"name\":\"Angebot f\u00fcr Arbeitssuchende\"}]},{\"@type\":\"WebSite\",\"@id\":\"https:\/\/www.ifd-frankfurt.de\/#website\",\"url\":\"https:\/\/www.ifd-frankfurt.de\/\",\"name\":\"IFD Frankfurt\",\"description\":\"\",\"publisher\":{\"@id\":\"https:\/\/www.ifd-frankfurt.de\/#organization\"},\"potentialAction\":[{\"@type\":\"SearchAction\",\"target\":{\"@type\":\"EntryPoint\",\"urlTemplate\":\"https:\/\/www.ifd-frankfurt.de\/?s={search_term_string}\"},\"query-input\":{\"@type\":\"PropertyValueSpecification\",\"valueRequired\":true,\"valueName\":\"search_term_string\"}}],\"inLanguage\":\"de-LS\"},{\"@type\":\"Organization\",\"@id\":\"https:\/\/www.ifd-frankfurt.de\/#organization\",\"name\":\"IFD Frankfurt\",\"url\":\"https:\/\/www.ifd-frankfurt.de\/\",\"logo\":{\"@type\":\"ImageObject\",\"inLanguage\":\"de-LS\",\"@id\":\"https:\/\/www.ifd-frankfurt.de\/#\/schema\/logo\/image\/\",\"url\":\"https:\/\/www.ifd-frankfurt.de\/wp-content\/uploads\/2019\/09\/IFD_logo.svg\",\"contentUrl\":\"https:\/\/www.ifd-frankfurt.de\/wp-content\/uploads\/2019\/09\/IFD_logo.svg\",\"width\":164,\"height\":45,\"caption\":\"IFD Frankfurt\"},\"image\":{\"@id\":\"https:\/\/www.ifd-frankfurt.de\/#\/schema\/logo\/image\/\"}}]}<\/script>\n<!-- \/ Yoast SEO plugin. -->","yoast_head_json":{"title":"Angebot f\u00fcr Arbeitssuchende - IFD Frankfurt","robots":{"index":"index","follow":"follow","max-snippet":"max-snippet:-1","max-image-preview":"max-image-preview:large","max-video-preview":"max-video-preview:-1"},"canonical":"https:\/\/www.ifd-frankfurt.de\/angebot-fuer-arbeitssuchende\/","og_locale":"de_DE","og_type":"article","og_title":"Angebot f\u00fcr Arbeitssuchende - IFD Frankfurt","og_description":"Angebot f\u00fcr Arbeit- und Ausbildungsuchende Der Integrations-Fachdienst Frankfurt (IFD) hilft Ihnen auch dabei, eine f\u00fcr Sie passende Arbeitsstelle in Frankfurt oder im \u00f6stlichen Main-Taunus-Kreis zu finden. Dazu muss ein Rehabilitations-Tr\u00e4ger vorher best\u00e4tigen, dass die Kosten \u00fcbernommen werden. Rufen Sie uns an und vereinbaren Sie einen Termin mit uns. Wir beraten Sie gerne pers\u00f6nlich! Es ist [&hellip;]","og_url":"https:\/\/www.ifd-frankfurt.de\/angebot-fuer-arbeitssuchende\/","og_site_name":"IFD Frankfurt","article_modified_time":"2020-01-01T17:12:43+00:00","og_image":[{"url":"https:\/\/www.ifd-frankfurt.de\/wp-content\/uploads\/2019\/09\/img_arbeitssuchende.jpg","type":"","width":"","height":""}],"twitter_card":"summary_large_image","schema":{"@context":"https:\/\/schema.org","@graph":[{"@type":"WebPage","@id":"https:\/\/www.ifd-frankfurt.de\/angebot-fuer-arbeitssuchende\/","url":"https:\/\/www.ifd-frankfurt.de\/angebot-fuer-arbeitssuchende\/","name":"Angebot f\u00fcr Arbeitssuchende - IFD Frankfurt","isPartOf":{"@id":"https:\/\/www.ifd-frankfurt.de\/#website"},"primaryImageOfPage":{"@id":"https:\/\/www.ifd-frankfurt.de\/angebot-fuer-arbeitssuchende\/#primaryimage"},"image":{"@id":"https:\/\/www.ifd-frankfurt.de\/angebot-fuer-arbeitssuchende\/#primaryimage"},"thumbnailUrl":"https:\/\/www.ifd-frankfurt.de\/wp-content\/uploads\/2019\/09\/img_arbeitssuchende.jpg","datePublished":"2019-08-13T17:25:58+00:00","dateModified":"2020-01-01T17:12:43+00:00","breadcrumb":{"@id":"https:\/\/www.ifd-frankfurt.de\/angebot-fuer-arbeitssuchende\/#breadcrumb"},"inLanguage":"de-LS","potentialAction":[{"@type":"ReadAction","target":["https:\/\/www.ifd-frankfurt.de\/angebot-fuer-arbeitssuchende\/"]}]},{"@type":"ImageObject","inLanguage":"de-LS","@id":"https:\/\/www.ifd-frankfurt.de\/angebot-fuer-arbeitssuchende\/#primaryimage","url":"https:\/\/www.ifd-frankfurt.de\/wp-content\/uploads\/2019\/09\/img_arbeitssuchende.jpg","contentUrl":"https:\/\/www.ifd-frankfurt.de\/wp-content\/uploads\/2019\/09\/img_arbeitssuchende.jpg"},{"@type":"BreadcrumbList","@id":"https:\/\/www.ifd-frankfurt.de\/angebot-fuer-arbeitssuchende\/#breadcrumb","itemListElement":[{"@type":"ListItem","position":1,"name":"Startseite","item":"https:\/\/www.ifd-frankfurt.de\/de-ls\/"},{"@type":"ListItem","position":2,"name":"Angebot f\u00fcr Arbeitssuchende"}]},{"@type":"WebSite","@id":"https:\/\/www.ifd-frankfurt.de\/#website","url":"https:\/\/www.ifd-frankfurt.de\/","name":"IFD Frankfurt","description":"","publisher":{"@id":"https:\/\/www.ifd-frankfurt.de\/#organization"},"potentialAction":[{"@type":"SearchAction","target":{"@type":"EntryPoint","urlTemplate":"https:\/\/www.ifd-frankfurt.de\/?s={search_term_string}"},"query-input":{"@type":"PropertyValueSpecification","valueRequired":true,"valueName":"search_term_string"}}],"inLanguage":"de-LS"},{"@type":"Organization","@id":"https:\/\/www.ifd-frankfurt.de\/#organization","name":"IFD Frankfurt","url":"https:\/\/www.ifd-frankfurt.de\/","logo":{"@type":"ImageObject","inLanguage":"de-LS","@id":"https:\/\/www.ifd-frankfurt.de\/#\/schema\/logo\/image\/","url":"https:\/\/www.ifd-frankfurt.de\/wp-content\/uploads\/2019\/09\/IFD_logo.svg","contentUrl":"https:\/\/www.ifd-frankfurt.de\/wp-content\/uploads\/2019\/09\/IFD_logo.svg","width":164,"height":45,"caption":"IFD Frankfurt"},"image":{"@id":"https:\/\/www.ifd-frankfurt.de\/#\/schema\/logo\/image\/"}}]}},"_links":{"self":[{"href":"https:\/\/www.ifd-frankfurt.de\/de-ls\/wp-json\/wp\/v2\/pages\/302","targetHints":{"allow":["GET"]}}],"collection":[{"href":"https:\/\/www.ifd-frankfurt.de\/de-ls\/wp-json\/wp\/v2\/pages"}],"about":[{"href":"https:\/\/www.ifd-frankfurt.de\/de-ls\/wp-json\/wp\/v2\/types\/page"}],"author":[{"embeddable":true,"href":"https:\/\/www.ifd-frankfurt.de\/de-ls\/wp-json\/wp\/v2\/users\/1"}],"replies":[{"embeddable":true,"href":"https:\/\/www.ifd-frankfurt.de\/de-ls\/wp-json\/wp\/v2\/comments?post=302"}],"version-history":[{"count":6,"href":"https:\/\/www.ifd-frankfurt.de\/de-ls\/wp-json\/wp\/v2\/pages\/302\/revisions"}],"predecessor-version":[{"id":1220,"href":"https:\/\/www.ifd-frankfurt.de\/de-ls\/wp-json\/wp\/v2\/pages\/302\/revisions\/1220"}],"wp:attachment":[{"href":"https:\/\/www.ifd-frankfurt.de\/de-ls\/wp-json\/wp\/v2\/media?parent=302"}],"curies":[{"name":"wp","href":"https:\/\/api.w.org\/{rel}","templated":true}]}}