{"id":284,"date":"2019-08-13T19:25:42","date_gmt":"2019-08-13T17:25:42","guid":{"rendered":"http:\/\/neu.ifd-frankfurt.de\/angebot-fuer-betriebe\/"},"modified":"2023-01-20T08:57:17","modified_gmt":"2023-01-20T07:57:17","slug":"angebot-fuer-betriebe","status":"publish","type":"page","link":"https:\/\/www.ifd-frankfurt.de\/de-ls\/angebot-fuer-betriebe\/","title":{"rendered":"Angebot f\u00fcr Betriebe"},"content":{"rendered":"\t\t<div data-elementor-type=\"wp-post\" data-elementor-id=\"284\" class=\"elementor elementor-284 elementor-53\" data-elementor-post-type=\"page\">\n\t\t\t\t\t\t<section class=\"elementor-section elementor-top-section elementor-element elementor-element-67c5d19 elementor-section-height-min-height elementor-section-items-top elementor-hidden-desktop elementor-hidden-tablet elementor-hidden-phone elementor-section-boxed elementor-section-height-default\" data-id=\"67c5d19\" data-element_type=\"section\">\n\t\t\t\t\t\t<div class=\"elementor-container elementor-column-gap-default\">\n\t\t\t\t\t<div class=\"elementor-column elementor-col-100 elementor-top-column elementor-element elementor-element-4467dcb\" data-id=\"4467dcb\" data-element_type=\"column\">\n\t\t\t<div class=\"elementor-widget-wrap\">\n\t\t\t\t\t\t\t<\/div>\n\t\t<\/div>\n\t\t\t\t\t<\/div>\n\t\t<\/section>\n\t\t\t\t<section class=\"elementor-section elementor-top-section elementor-element elementor-element-b63f01f elementor-section-boxed elementor-section-height-default elementor-section-height-default\" data-id=\"b63f01f\" data-element_type=\"section\">\n\t\t\t\t\t\t<div class=\"elementor-container elementor-column-gap-no\">\n\t\t\t\t\t<div class=\"elementor-column elementor-col-100 elementor-top-column elementor-element elementor-element-66ef511\" data-id=\"66ef511\" data-element_type=\"column\">\n\t\t\t<div class=\"elementor-widget-wrap elementor-element-populated\">\n\t\t\t\t\t\t<section class=\"elementor-section elementor-inner-section elementor-element elementor-element-869efb9 elementor-section-boxed elementor-section-height-default elementor-section-height-default\" data-id=\"869efb9\" data-element_type=\"section\">\n\t\t\t\t\t\t<div class=\"elementor-container elementor-column-gap-default\">\n\t\t\t\t\t<div class=\"elementor-column elementor-col-100 elementor-inner-column elementor-element elementor-element-6ba754a\" data-id=\"6ba754a\" data-element_type=\"column\">\n\t\t\t<div class=\"elementor-widget-wrap elementor-element-populated\">\n\t\t\t\t\t\t<div class=\"elementor-element elementor-element-ef8b15f lined elementor-widget elementor-widget-heading\" data-id=\"ef8b15f\" data-element_type=\"widget\" data-widget_type=\"heading.default\">\n\t\t\t\t<div class=\"elementor-widget-container\">\n\t\t\t\t\t<h2 class=\"elementor-heading-title elementor-size-default\">Angebot f\u00fcr Arbeitgeber:innen<\/h2>\t\t\t\t<\/div>\n\t\t\t\t<\/div>\n\t\t\t\t\t<\/div>\n\t\t<\/div>\n\t\t\t\t\t<\/div>\n\t\t<\/section>\n\t\t\t\t<section class=\"elementor-section elementor-inner-section elementor-element elementor-element-fbda7fc elementor-section-boxed elementor-section-height-default elementor-section-height-default\" data-id=\"fbda7fc\" data-element_type=\"section\">\n\t\t\t\t\t\t<div class=\"elementor-container elementor-column-gap-default\">\n\t\t\t\t\t<div class=\"elementor-column elementor-col-50 elementor-inner-column elementor-element elementor-element-ea0f36f\" data-id=\"ea0f36f\" data-element_type=\"column\">\n\t\t\t<div class=\"elementor-widget-wrap elementor-element-populated\">\n\t\t\t\t\t\t<div class=\"elementor-element elementor-element-5146053 elementor-widget elementor-widget-text-editor\" data-id=\"5146053\" data-element_type=\"widget\" data-widget_type=\"text-editor.default\">\n\t\t\t\t<div class=\"elementor-widget-container\">\n\t\t\t\t\t\t\t\t\t<p>Der Integrationsfachdienst Frankfurt ber\u00e4t Arbeitgeber und Arbeitgeberinnen<\/p>\n<ul>\n<li>in Frankfurt oder<\/li>\n<li>im \u00f6stlichen Main-Taunus-Kreis (Bad Soden, Eschborn, Kelkheim, Liederbach, Schwalbach, Sulzbach)<\/li>\n<\/ul>\n<p>rund um das Thema Arbeit und Behinderung.<\/p>\n\t\t\t\t\t\t\t\t<\/div>\n\t\t\t\t<\/div>\n\t\t\t\t<div class=\"elementor-element elementor-element-c0327b4 elementor-widget elementor-widget-text-editor\" data-id=\"c0327b4\" data-element_type=\"widget\" data-widget_type=\"text-editor.default\">\n\t\t\t\t<div class=\"elementor-widget-container\">\n\t\t\t\t\t\t\t\t\t<p>Ihre zentralen Themen k\u00f6nnen sein:<\/p>\n<ul>\n<li>Informationen zur beruflichen Integration von behinderten Arbeitnehmern:innen, wie auch Beratung bei Einstellung von schwerbehinderten und ihnen gleichgestellte Menschen.<\/li>\n<li>Beratung zur Gestaltung behinderungsgerechter Arbeitspl\u00e4tze<\/li>\n<li>Informationen zu Leistungen f\u00fcr Arbeitgeber<\/li>\n<li>Veranstaltungen und Vortr\u00e4ge bezogen auf Arbeit und Behinderung<\/li>\n<li>Unterst\u00fctzende Teilnahme am Betrieblichen Eingliederungsmanagement (BEM)<\/li>\n<li><span style=\"text-indent: -18pt;\">Beantragung von Eingliederungs- und Besch\u00e4ftigungszusch\u00fcssen<\/span><\/li>\n<\/ul>\n<p>Auf Anfrage und bei Bedarf informieren wir auch bei innerbetrieblichen Veranstaltungen zum genannten Themenkomplex und unseren Dienstleitungen.<\/p>\t\t\t\t\t\t\t\t<\/div>\n\t\t\t\t<\/div>\n\t\t\t\t<div class=\"elementor-element elementor-element-e6a3160 elementor-align-left elementor-widget elementor-widget-button\" data-id=\"e6a3160\" data-element_type=\"widget\" data-widget_type=\"button.default\">\n\t\t\t\t<div class=\"elementor-widget-container\">\n\t\t\t\t\t\t\t\t\t<div class=\"elementor-button-wrapper\">\n\t\t\t\t\t<a class=\"elementor-button elementor-button-link elementor-size-sm\" href=\"https:\/\/www.ifd-frankfurt.de\/wp-content\/uploads\/2023\/01\/Inklusion_Broschure_2023-01-10_ua-1.pdf\" target=\"_blank\">\n\t\t\t\t\t\t<span class=\"elementor-button-content-wrapper\">\n\t\t\t\t\t\t\t\t\t<span class=\"elementor-button-text\">Brosch\u00fcre \"Inklusion als Chance f\u00fcr Unternehmen\" <\/span>\n\t\t\t\t\t<\/span>\n\t\t\t\t\t<\/a>\n\t\t\t\t<\/div>\n\t\t\t\t\t\t\t\t<\/div>\n\t\t\t\t<\/div>\n\t\t\t\t\t<\/div>\n\t\t<\/div>\n\t\t\t\t<div class=\"elementor-column elementor-col-50 elementor-inner-column elementor-element elementor-element-b2347c2\" data-id=\"b2347c2\" data-element_type=\"column\">\n\t\t\t<div class=\"elementor-widget-wrap elementor-element-populated\">\n\t\t\t\t\t\t<div class=\"elementor-element elementor-element-14b74f0 elementor--h-position-center elementor--v-position-middle elementor-arrows-position-inside elementor-pagination-position-inside elementor-widget elementor-widget-slides\" data-id=\"14b74f0\" data-element_type=\"widget\" data-settings=\"{&quot;navigation&quot;:&quot;both&quot;,&quot;autoplay&quot;:&quot;yes&quot;,&quot;pause_on_hover&quot;:&quot;yes&quot;,&quot;pause_on_interaction&quot;:&quot;yes&quot;,&quot;autoplay_speed&quot;:5000,&quot;infinite&quot;:&quot;yes&quot;,&quot;transition&quot;:&quot;slide&quot;,&quot;transition_speed&quot;:500}\" data-widget_type=\"slides.default\">\n\t\t\t\t<div class=\"elementor-widget-container\">\n\t\t\t\t\t\t\t\t\t<div class=\"elementor-swiper\">\n\t\t\t\t\t<div class=\"elementor-slides-wrapper elementor-main-swiper swiper\" role=\"region\" aria-roledescription=\"carousel\" aria-label=\"Slides\" dir=\"ltr\" data-animation=\"fadeInUp\">\n\t\t\t\t<div class=\"swiper-wrapper elementor-slides\">\n\t\t\t\t\t\t\t\t\t\t<div class=\"elementor-repeater-item-9b49b97 swiper-slide\" role=\"group\" aria-roledescription=\"slide\"><div class=\"swiper-slide-bg\" role=\"img\"><\/div><div class=\"swiper-slide-inner\" ><div class=\"swiper-slide-contents\"><\/div><\/div><\/div><div class=\"elementor-repeater-item-12fb2da swiper-slide\" role=\"group\" aria-roledescription=\"slide\"><div class=\"swiper-slide-bg\" role=\"img\"><\/div><div class=\"swiper-slide-inner\" ><div class=\"swiper-slide-contents\"><\/div><\/div><\/div>\t\t\t\t<\/div>\n\t\t\t\t\t\t\t\t\t\t\t\t\t\t\t<div class=\"elementor-swiper-button elementor-swiper-button-prev\" role=\"button\" tabindex=\"0\" aria-label=\"Previous slide\">\n\t\t\t\t\t\t\t<i aria-hidden=\"true\" class=\"eicon-chevron-left\"><\/i>\t\t\t\t\t\t<\/div>\n\t\t\t\t\t\t<div class=\"elementor-swiper-button elementor-swiper-button-next\" role=\"button\" tabindex=\"0\" aria-label=\"Next slide\">\n\t\t\t\t\t\t\t<i aria-hidden=\"true\" class=\"eicon-chevron-right\"><\/i>\t\t\t\t\t\t<\/div>\n\t\t\t\t\t\t\t\t\t\t\t\t\t\t\t\t<div class=\"swiper-pagination\"><\/div>\n\t\t\t\t\t\t\t\t\t\t\t\t<\/div>\n\t\t\t\t<\/div>\n\t\t\t\t\t\t\t\t<\/div>\n\t\t\t\t<\/div>\n\t\t\t\t\t<\/div>\n\t\t<\/div>\n\t\t\t\t\t<\/div>\n\t\t<\/section>\n\t\t\t\t<section class=\"elementor-section elementor-inner-section elementor-element elementor-element-df19f2b elementor-section-boxed elementor-section-height-default elementor-section-height-default\" data-id=\"df19f2b\" data-element_type=\"section\">\n\t\t\t\t\t\t<div class=\"elementor-container elementor-column-gap-default\">\n\t\t\t\t\t<div class=\"elementor-column elementor-col-100 elementor-inner-column elementor-element elementor-element-a207c93\" data-id=\"a207c93\" data-element_type=\"column\">\n\t\t\t<div class=\"elementor-widget-wrap elementor-element-populated\">\n\t\t\t\t\t\t<div class=\"elementor-element elementor-element-921fdf0 elementor-widget elementor-widget-text-editor\" data-id=\"921fdf0\" data-element_type=\"widget\" data-widget_type=\"text-editor.default\">\n\t\t\t\t<div class=\"elementor-widget-container\">\n\t\t\t\t\t\t\t\t\t<p><strong>Sie sind Arbeitgeber oder Arbeitgeberin<\/strong> und m\u00f6chten einem Menschen mit Behinderung eine Besch\u00e4ftigung erm\u00f6glichen?<\/p>\n<p>Dann kommen Sie auf uns zu. Wir beraten Sie gern<strong>!<br><\/strong><\/p>\n\n<p><strong>Kennen Sie bereits unser kostenfeies Angebot f\u00fcr Angestellte mit Personalverantwortung?<br><\/strong><\/p>\t\t\t\t\t\t\t\t<\/div>\n\t\t\t\t<\/div>\n\t\t\t\t<div class=\"elementor-element elementor-element-5f29df7 elementor-align-left elementor-mobile-align-center elementor-widget elementor-widget-button\" data-id=\"5f29df7\" data-element_type=\"widget\" data-widget_type=\"button.default\">\n\t\t\t\t<div class=\"elementor-widget-container\">\n\t\t\t\t\t\t\t\t\t<div class=\"elementor-button-wrapper\">\n\t\t\t\t\t<a class=\"elementor-button elementor-button-link elementor-size-sm\" href=\"https:\/\/www.ifd-frankfurt.de\/wp-content\/uploads\/2020\/10\/Flyer_PsychGesundheit_IFD.pdf\" target=\"_blank\" rel=\"nofollow\">\n\t\t\t\t\t\t<span class=\"elementor-button-content-wrapper\">\n\t\t\t\t\t\t\t\t\t<span class=\"elementor-button-text\">Flyer \"Psychische Gesundheit im Unternehmen\"<\/span>\n\t\t\t\t\t<\/span>\n\t\t\t\t\t<\/a>\n\t\t\t\t<\/div>\n\t\t\t\t\t\t\t\t<\/div>\n\t\t\t\t<\/div>\n\t\t\t\t\t<\/div>\n\t\t<\/div>\n\t\t\t\t\t<\/div>\n\t\t<\/section>\n\t\t\t\t<section class=\"elementor-section elementor-inner-section elementor-element elementor-element-0e35a99 elementor-section-boxed elementor-section-height-default elementor-section-height-default\" data-id=\"0e35a99\" data-element_type=\"section\">\n\t\t\t\t\t\t<div class=\"elementor-container elementor-column-gap-default\">\n\t\t\t\t\t<div class=\"elementor-column elementor-col-100 elementor-inner-column elementor-element elementor-element-14bb292\" data-id=\"14bb292\" data-element_type=\"column\">\n\t\t\t<div class=\"elementor-widget-wrap elementor-element-populated\">\n\t\t\t\t\t\t<div class=\"elementor-element elementor-element-c1b053c elementor-widget elementor-widget-text-editor\" data-id=\"c1b053c\" data-element_type=\"widget\" data-widget_type=\"text-editor.default\">\n\t\t\t\t<div class=\"elementor-widget-container\">\n\t\t\t\t\t\t\t\t\t<p><strong>Sicher wollen Sie nun genau wissen, was wir Ihnen anbieten k\u00f6nnen.<br \/><\/strong><\/p>\n<p><strong>Wir freuen uns auf Ihre Kontaktaufnahme!<\/strong><\/p>\n<p><strong>Sie sind Vertrauensperson der schwerbehinderten Menschen im Betrieb<\/strong> und m\u00f6chten sich \u00fcber fachliche Themen informieren und mit anderen Vertrauenspersonen in den Austausch kommen?<\/p>\n<p>Dann besuchen Sie unseren monatlich stattfindenden \u201eArbeitskreis der Schwerbehindertenvertreter*innen\u201c.<\/p>\n<p>Hierzu gen\u00fcgt eine formlose Anmeldung:<\/p>\n\t\t\t\t\t\t\t\t<\/div>\n\t\t\t\t<\/div>\n\t\t\t\t<div class=\"elementor-element elementor-element-1c78fd5 elementor-align-left elementor-mobile-align-center elementor-widget elementor-widget-button\" data-id=\"1c78fd5\" data-element_type=\"widget\" data-widget_type=\"button.default\">\n\t\t\t\t<div class=\"elementor-widget-container\">\n\t\t\t\t\t\t\t\t\t<div class=\"elementor-button-wrapper\">\n\t\t\t\t\t<a class=\"elementor-button elementor-button-link elementor-size-sm\" href=\"https:\/\/www.ifd-frankfurt.de\/de-ls\/kontakt\/\">\n\t\t\t\t\t\t<span class=\"elementor-button-content-wrapper\">\n\t\t\t\t\t\t\t\t\t<span class=\"elementor-button-text\">Zur Kontaktseite<\/span>\n\t\t\t\t\t<\/span>\n\t\t\t\t\t<\/a>\n\t\t\t\t<\/div>\n\t\t\t\t\t\t\t\t<\/div>\n\t\t\t\t<\/div>\n\t\t\t\t\t<\/div>\n\t\t<\/div>\n\t\t\t\t\t<\/div>\n\t\t<\/section>\n\t\t\t\t<section class=\"elementor-section elementor-inner-section elementor-element elementor-element-9662096 elementor-section-boxed elementor-section-height-default elementor-section-height-default\" data-id=\"9662096\" data-element_type=\"section\">\n\t\t\t\t\t\t<div class=\"elementor-container elementor-column-gap-default\">\n\t\t\t\t\t<div class=\"elementor-column elementor-col-100 elementor-inner-column elementor-element elementor-element-5ea93eb\" data-id=\"5ea93eb\" data-element_type=\"column\">\n\t\t\t<div class=\"elementor-widget-wrap elementor-element-populated\">\n\t\t\t\t\t\t<div class=\"elementor-element elementor-element-83c59b0 elementor-widget elementor-widget-text-editor\" data-id=\"83c59b0\" data-element_type=\"widget\" data-widget_type=\"text-editor.default\">\n\t\t\t\t<div class=\"elementor-widget-container\">\n\t\t\t\t\t\t\t\t\t<p>Zus\u00e4tzlich k\u00f6nnen Sie sich \u00fcber attraktive F\u00f6rder- und Unterst\u00fctzungsm\u00f6glichkeiten unter folgendem Link informieren:<\/p>\n<p><a class=\"inlinelink\" href=\"https:\/\/www.integrationsamt-hessen.de\/fuer-arbeitgeber\/programme-auszeichnungen\/hessisches-perspektivprogramm.html\" target=\"_blank\" rel=\"noopener\">Hessisches Perspektivprogramm zur Verbesserung der Arbeitsmarktchancen schwerbehinderter Menschen (HePAS)<\/a><\/p>\n\t\t\t\t\t\t\t\t<\/div>\n\t\t\t\t<\/div>\n\t\t\t\t\t<\/div>\n\t\t<\/div>\n\t\t\t\t\t<\/div>\n\t\t<\/section>\n\t\t\t\t\t<\/div>\n\t\t<\/div>\n\t\t\t\t\t<\/div>\n\t\t<\/section>\n\t\t\t\t<\/div>\n\t\t","protected":false},"excerpt":{"rendered":"<p>Angebot f\u00fcr Arbeitgeber:innen Der Integrationsfachdienst Frankfurt ber\u00e4t Arbeitgeber und Arbeitgeberinnen in Frankfurt oder im \u00f6stlichen Main-Taunus-Kreis (Bad Soden, Eschborn, Kelkheim, Liederbach, Schwalbach, Sulzbach) rund um das Thema Arbeit und Behinderung. Ihre zentralen Themen k\u00f6nnen sein: Informationen zur beruflichen Integration von behinderten Arbeitnehmern:innen, wie auch Beratung bei Einstellung von schwerbehinderten und ihnen gleichgestellte Menschen. Beratung zur [&hellip;]<\/p>\n","protected":false},"author":1,"featured_media":0,"parent":0,"menu_order":0,"comment_status":"closed","ping_status":"closed","template":"","meta":{"_acf_changed":false,"footnotes":""},"class_list":["post-284","page","type-page","status-publish","hentry"],"acf":[],"yoast_head":"<!-- This site is optimized with the Yoast SEO plugin v24.6 - https:\/\/yoast.com\/wordpress\/plugins\/seo\/ -->\n<title>Angebot f\u00fcr Betriebe - IFD Frankfurt<\/title>\n<meta name=\"robots\" content=\"index, follow, max-snippet:-1, max-image-preview:large, max-video-preview:-1\" \/>\n<link rel=\"canonical\" href=\"https:\/\/www.ifd-frankfurt.de\/angebot-fur-arbeitgeber\/\" \/>\n<meta property=\"og:locale\" content=\"de_DE\" \/>\n<meta property=\"og:type\" content=\"article\" \/>\n<meta property=\"og:title\" content=\"Angebot f\u00fcr Betriebe - IFD Frankfurt\" \/>\n<meta property=\"og:description\" content=\"Angebot f\u00fcr Arbeitgeber:innen Der Integrationsfachdienst Frankfurt ber\u00e4t Arbeitgeber und Arbeitgeberinnen in Frankfurt oder im \u00f6stlichen Main-Taunus-Kreis (Bad Soden, Eschborn, Kelkheim, Liederbach, Schwalbach, Sulzbach) rund um das Thema Arbeit und Behinderung. Ihre zentralen Themen k\u00f6nnen sein: Informationen zur beruflichen Integration von behinderten Arbeitnehmern:innen, wie auch Beratung bei Einstellung von schwerbehinderten und ihnen gleichgestellte Menschen. Beratung zur [&hellip;]\" \/>\n<meta property=\"og:url\" content=\"https:\/\/www.ifd-frankfurt.de\/angebot-fur-arbeitgeber\/\" \/>\n<meta property=\"og:site_name\" content=\"IFD Frankfurt\" \/>\n<meta property=\"article:modified_time\" content=\"2023-01-20T07:57:17+00:00\" \/>\n<meta name=\"twitter:card\" content=\"summary_large_image\" \/>\n<meta name=\"twitter:label1\" content=\"Est. reading time\" \/>\n\t<meta name=\"twitter:data1\" content=\"1 minute\" \/>\n<script type=\"application\/ld+json\" class=\"yoast-schema-graph\">{\"@context\":\"https:\/\/schema.org\",\"@graph\":[{\"@type\":\"WebPage\",\"@id\":\"https:\/\/www.ifd-frankfurt.de\/angebot-fur-arbeitgeber\/\",\"url\":\"https:\/\/www.ifd-frankfurt.de\/angebot-fur-arbeitgeber\/\",\"name\":\"Angebot f\u00fcr Betriebe - IFD Frankfurt\",\"isPartOf\":{\"@id\":\"https:\/\/www.ifd-frankfurt.de\/#website\"},\"datePublished\":\"2019-08-13T17:25:42+00:00\",\"dateModified\":\"2023-01-20T07:57:17+00:00\",\"breadcrumb\":{\"@id\":\"https:\/\/www.ifd-frankfurt.de\/angebot-fur-arbeitgeber\/#breadcrumb\"},\"inLanguage\":\"de-LS\",\"potentialAction\":[{\"@type\":\"ReadAction\",\"target\":[\"https:\/\/www.ifd-frankfurt.de\/angebot-fur-arbeitgeber\/\"]}]},{\"@type\":\"BreadcrumbList\",\"@id\":\"https:\/\/www.ifd-frankfurt.de\/angebot-fur-arbeitgeber\/#breadcrumb\",\"itemListElement\":[{\"@type\":\"ListItem\",\"position\":1,\"name\":\"Startseite\",\"item\":\"https:\/\/www.ifd-frankfurt.de\/de-ls\/\"},{\"@type\":\"ListItem\",\"position\":2,\"name\":\"Angebot f\u00fcr Betriebe\"}]},{\"@type\":\"WebSite\",\"@id\":\"https:\/\/www.ifd-frankfurt.de\/#website\",\"url\":\"https:\/\/www.ifd-frankfurt.de\/\",\"name\":\"IFD Frankfurt\",\"description\":\"\",\"publisher\":{\"@id\":\"https:\/\/www.ifd-frankfurt.de\/#organization\"},\"potentialAction\":[{\"@type\":\"SearchAction\",\"target\":{\"@type\":\"EntryPoint\",\"urlTemplate\":\"https:\/\/www.ifd-frankfurt.de\/?s={search_term_string}\"},\"query-input\":{\"@type\":\"PropertyValueSpecification\",\"valueRequired\":true,\"valueName\":\"search_term_string\"}}],\"inLanguage\":\"de-LS\"},{\"@type\":\"Organization\",\"@id\":\"https:\/\/www.ifd-frankfurt.de\/#organization\",\"name\":\"IFD Frankfurt\",\"url\":\"https:\/\/www.ifd-frankfurt.de\/\",\"logo\":{\"@type\":\"ImageObject\",\"inLanguage\":\"de-LS\",\"@id\":\"https:\/\/www.ifd-frankfurt.de\/#\/schema\/logo\/image\/\",\"url\":\"https:\/\/www.ifd-frankfurt.de\/wp-content\/uploads\/2019\/09\/IFD_logo.svg\",\"contentUrl\":\"https:\/\/www.ifd-frankfurt.de\/wp-content\/uploads\/2019\/09\/IFD_logo.svg\",\"width\":164,\"height\":45,\"caption\":\"IFD Frankfurt\"},\"image\":{\"@id\":\"https:\/\/www.ifd-frankfurt.de\/#\/schema\/logo\/image\/\"}}]}<\/script>\n<!-- \/ Yoast SEO plugin. -->","yoast_head_json":{"title":"Angebot f\u00fcr Betriebe - IFD Frankfurt","robots":{"index":"index","follow":"follow","max-snippet":"max-snippet:-1","max-image-preview":"max-image-preview:large","max-video-preview":"max-video-preview:-1"},"canonical":"https:\/\/www.ifd-frankfurt.de\/angebot-fur-arbeitgeber\/","og_locale":"de_DE","og_type":"article","og_title":"Angebot f\u00fcr Betriebe - IFD Frankfurt","og_description":"Angebot f\u00fcr Arbeitgeber:innen Der Integrationsfachdienst Frankfurt ber\u00e4t Arbeitgeber und Arbeitgeberinnen in Frankfurt oder im \u00f6stlichen Main-Taunus-Kreis (Bad Soden, Eschborn, Kelkheim, Liederbach, Schwalbach, Sulzbach) rund um das Thema Arbeit und Behinderung. Ihre zentralen Themen k\u00f6nnen sein: Informationen zur beruflichen Integration von behinderten Arbeitnehmern:innen, wie auch Beratung bei Einstellung von schwerbehinderten und ihnen gleichgestellte Menschen. Beratung zur [&hellip;]","og_url":"https:\/\/www.ifd-frankfurt.de\/angebot-fur-arbeitgeber\/","og_site_name":"IFD Frankfurt","article_modified_time":"2023-01-20T07:57:17+00:00","twitter_card":"summary_large_image","twitter_misc":{"Est. reading time":"1 minute"},"schema":{"@context":"https:\/\/schema.org","@graph":[{"@type":"WebPage","@id":"https:\/\/www.ifd-frankfurt.de\/angebot-fur-arbeitgeber\/","url":"https:\/\/www.ifd-frankfurt.de\/angebot-fur-arbeitgeber\/","name":"Angebot f\u00fcr Betriebe - IFD Frankfurt","isPartOf":{"@id":"https:\/\/www.ifd-frankfurt.de\/#website"},"datePublished":"2019-08-13T17:25:42+00:00","dateModified":"2023-01-20T07:57:17+00:00","breadcrumb":{"@id":"https:\/\/www.ifd-frankfurt.de\/angebot-fur-arbeitgeber\/#breadcrumb"},"inLanguage":"de-LS","potentialAction":[{"@type":"ReadAction","target":["https:\/\/www.ifd-frankfurt.de\/angebot-fur-arbeitgeber\/"]}]},{"@type":"BreadcrumbList","@id":"https:\/\/www.ifd-frankfurt.de\/angebot-fur-arbeitgeber\/#breadcrumb","itemListElement":[{"@type":"ListItem","position":1,"name":"Startseite","item":"https:\/\/www.ifd-frankfurt.de\/de-ls\/"},{"@type":"ListItem","position":2,"name":"Angebot f\u00fcr Betriebe"}]},{"@type":"WebSite","@id":"https:\/\/www.ifd-frankfurt.de\/#website","url":"https:\/\/www.ifd-frankfurt.de\/","name":"IFD Frankfurt","description":"","publisher":{"@id":"https:\/\/www.ifd-frankfurt.de\/#organization"},"potentialAction":[{"@type":"SearchAction","target":{"@type":"EntryPoint","urlTemplate":"https:\/\/www.ifd-frankfurt.de\/?s={search_term_string}"},"query-input":{"@type":"PropertyValueSpecification","valueRequired":true,"valueName":"search_term_string"}}],"inLanguage":"de-LS"},{"@type":"Organization","@id":"https:\/\/www.ifd-frankfurt.de\/#organization","name":"IFD Frankfurt","url":"https:\/\/www.ifd-frankfurt.de\/","logo":{"@type":"ImageObject","inLanguage":"de-LS","@id":"https:\/\/www.ifd-frankfurt.de\/#\/schema\/logo\/image\/","url":"https:\/\/www.ifd-frankfurt.de\/wp-content\/uploads\/2019\/09\/IFD_logo.svg","contentUrl":"https:\/\/www.ifd-frankfurt.de\/wp-content\/uploads\/2019\/09\/IFD_logo.svg","width":164,"height":45,"caption":"IFD Frankfurt"},"image":{"@id":"https:\/\/www.ifd-frankfurt.de\/#\/schema\/logo\/image\/"}}]}},"_links":{"self":[{"href":"https:\/\/www.ifd-frankfurt.de\/de-ls\/wp-json\/wp\/v2\/pages\/284","targetHints":{"allow":["GET"]}}],"collection":[{"href":"https:\/\/www.ifd-frankfurt.de\/de-ls\/wp-json\/wp\/v2\/pages"}],"about":[{"href":"https:\/\/www.ifd-frankfurt.de\/de-ls\/wp-json\/wp\/v2\/types\/page"}],"author":[{"embeddable":true,"href":"https:\/\/www.ifd-frankfurt.de\/de-ls\/wp-json\/wp\/v2\/users\/1"}],"replies":[{"embeddable":true,"href":"https:\/\/www.ifd-frankfurt.de\/de-ls\/wp-json\/wp\/v2\/comments?post=284"}],"version-history":[{"count":8,"href":"https:\/\/www.ifd-frankfurt.de\/de-ls\/wp-json\/wp\/v2\/pages\/284\/revisions"}],"predecessor-version":[{"id":1779,"href":"https:\/\/www.ifd-frankfurt.de\/de-ls\/wp-json\/wp\/v2\/pages\/284\/revisions\/1779"}],"wp:attachment":[{"href":"https:\/\/www.ifd-frankfurt.de\/de-ls\/wp-json\/wp\/v2\/media?parent=284"}],"curies":[{"name":"wp","href":"https:\/\/api.w.org\/{rel}","templated":true}]}}