{"id":269,"date":"2019-08-13T19:25:25","date_gmt":"2019-08-13T17:25:25","guid":{"rendered":"http:\/\/neu.ifd-frankfurt.de\/angebot-fuer-beschaeftigte\/"},"modified":"2019-09-17T10:26:52","modified_gmt":"2019-09-17T08:26:52","slug":"angebot-fuer-beschaeftigte","status":"publish","type":"page","link":"https:\/\/www.ifd-frankfurt.de\/de-ls\/angebot-fuer-beschaeftigte\/","title":{"rendered":"Angebot f\u00fcr Besch\u00e4ftigte"},"content":{"rendered":"\t\t<div data-elementor-type=\"wp-post\" data-elementor-id=\"269\" class=\"elementor elementor-269 elementor-51\" data-elementor-post-type=\"page\">\n\t\t\t\t\t\t<section class=\"elementor-section elementor-top-section elementor-element elementor-element-32cfc3cc elementor-section-height-min-height elementor-section-items-top elementor-section-boxed elementor-section-height-default\" data-id=\"32cfc3cc\" data-element_type=\"section\">\n\t\t\t\t\t\t<div class=\"elementor-container elementor-column-gap-default\">\n\t\t\t\t\t<div class=\"elementor-column elementor-col-100 elementor-top-column elementor-element elementor-element-4b3a0f33\" data-id=\"4b3a0f33\" data-element_type=\"column\">\n\t\t\t<div class=\"elementor-widget-wrap elementor-element-populated\">\n\t\t\t\t\t\t<div class=\"elementor-element elementor-element-10ed96b0 elementor--v-position-bottom elementor--h-position-center elementor-widget elementor-widget-slides\" data-id=\"10ed96b0\" data-element_type=\"widget\" data-settings=\"{&quot;navigation&quot;:&quot;none&quot;,&quot;transition&quot;:&quot;slide&quot;,&quot;transition_speed&quot;:500}\" data-widget_type=\"slides.default\">\n\t\t\t\t<div class=\"elementor-widget-container\">\n\t\t\t\t\t\t\t\t\t<div class=\"elementor-swiper\">\n\t\t\t\t\t<div class=\"elementor-slides-wrapper elementor-main-swiper swiper\" role=\"region\" aria-roledescription=\"carousel\" aria-label=\"Slides\" dir=\"ltr\" data-animation=\"fadeInUp\">\n\t\t\t\t<div class=\"swiper-wrapper elementor-slides\">\n\t\t\t\t\t\t\t\t\t\t<div class=\"elementor-repeater-item-1610643 swiper-slide\" role=\"group\" aria-roledescription=\"slide\"><div class=\"swiper-slide-bg\" role=\"img\"><\/div><div class=\"swiper-slide-inner\" ><div class=\"swiper-slide-contents\"><\/div><\/div><\/div>\t\t\t\t<\/div>\n\t\t\t\t\t\t\t<\/div>\n\t\t\t\t<\/div>\n\t\t\t\t\t\t\t\t<\/div>\n\t\t\t\t<\/div>\n\t\t\t\t\t<\/div>\n\t\t<\/div>\n\t\t\t\t\t<\/div>\n\t\t<\/section>\n\t\t\t\t<section class=\"elementor-section elementor-top-section elementor-element elementor-element-5b8fb97e elementor-section-boxed elementor-section-height-default elementor-section-height-default\" data-id=\"5b8fb97e\" data-element_type=\"section\">\n\t\t\t\t\t\t<div class=\"elementor-container elementor-column-gap-no\">\n\t\t\t\t\t<div class=\"elementor-column elementor-col-100 elementor-top-column elementor-element elementor-element-65ff3265\" data-id=\"65ff3265\" data-element_type=\"column\">\n\t\t\t<div class=\"elementor-widget-wrap elementor-element-populated\">\n\t\t\t\t\t\t<section class=\"elementor-section elementor-inner-section elementor-element elementor-element-4493b799 elementor-section-boxed elementor-section-height-default elementor-section-height-default\" data-id=\"4493b799\" data-element_type=\"section\">\n\t\t\t\t\t\t<div class=\"elementor-container elementor-column-gap-default\">\n\t\t\t\t\t<div class=\"elementor-column elementor-col-100 elementor-inner-column elementor-element elementor-element-252504b2\" data-id=\"252504b2\" data-element_type=\"column\">\n\t\t\t<div class=\"elementor-widget-wrap elementor-element-populated\">\n\t\t\t\t\t\t<div class=\"elementor-element elementor-element-5cae5a93 lined elementor-widget elementor-widget-heading\" data-id=\"5cae5a93\" data-element_type=\"widget\" data-widget_type=\"heading.default\">\n\t\t\t\t<div class=\"elementor-widget-container\">\n\t\t\t\t\t<h2 class=\"elementor-heading-title elementor-size-default\">Angebot f\u00fcr Besch\u00e4ftigte<\/h2>\t\t\t\t<\/div>\n\t\t\t\t<\/div>\n\t\t\t\t\t<\/div>\n\t\t<\/div>\n\t\t\t\t\t<\/div>\n\t\t<\/section>\n\t\t\t\t<section class=\"elementor-section elementor-inner-section elementor-element elementor-element-41fd0270 elementor-section-boxed elementor-section-height-default elementor-section-height-default\" data-id=\"41fd0270\" data-element_type=\"section\">\n\t\t\t\t\t\t<div class=\"elementor-container elementor-column-gap-default\">\n\t\t\t\t\t<div class=\"elementor-column elementor-col-50 elementor-inner-column elementor-element elementor-element-52d2fc7\" data-id=\"52d2fc7\" data-element_type=\"column\">\n\t\t\t<div class=\"elementor-widget-wrap elementor-element-populated\">\n\t\t\t\t\t\t<div class=\"elementor-element elementor-element-770c3817 elementor-widget elementor-widget-image\" data-id=\"770c3817\" data-element_type=\"widget\" data-widget_type=\"image.default\">\n\t\t\t\t<div class=\"elementor-widget-container\">\n\t\t\t\t\t\t\t\t\t\t\t\t\t\t\t<img fetchpriority=\"high\" decoding=\"async\" width=\"800\" height=\"534\" src=\"https:\/\/www.ifd-frankfurt.de\/wp-content\/uploads\/2019\/09\/img_beschaeftigte.jpg\" class=\"attachment-full size-full wp-image-1048\" alt=\"\" srcset=\"https:\/\/www.ifd-frankfurt.de\/wp-content\/uploads\/2019\/09\/img_beschaeftigte.jpg 800w, https:\/\/www.ifd-frankfurt.de\/wp-content\/uploads\/2019\/09\/img_beschaeftigte-300x200.jpg 300w, https:\/\/www.ifd-frankfurt.de\/wp-content\/uploads\/2019\/09\/img_beschaeftigte-768x513.jpg 768w\" sizes=\"(max-width: 800px) 100vw, 800px\" \/>\t\t\t\t\t\t\t\t\t\t\t\t\t\t\t<\/div>\n\t\t\t\t<\/div>\n\t\t\t\t\t<\/div>\n\t\t<\/div>\n\t\t\t\t<div class=\"elementor-column elementor-col-50 elementor-inner-column elementor-element elementor-element-7e33a4b\" data-id=\"7e33a4b\" data-element_type=\"column\">\n\t\t\t<div class=\"elementor-widget-wrap elementor-element-populated\">\n\t\t\t\t\t\t<div class=\"elementor-element elementor-element-2f71ed21 elementor-widget elementor-widget-text-editor\" data-id=\"2f71ed21\" data-element_type=\"widget\" data-widget_type=\"text-editor.default\">\n\t\t\t\t<div class=\"elementor-widget-container\">\n\t\t\t\t\t\t\t\t\t<p>Sie arbeiten in<\/p><ul><li>Frankfurt am Main<\/li><li>Bad Soden<\/li><li>Eschborn<\/li><li>Kelkheim<\/li><li>Liederbach<\/li><li>Schwalbach<\/li><li>Sulzbach<\/li><\/ul><p>Wir beraten Sie zum Thema Arbeit und Behinderung.<\/p><p>Zum Beispiel, wenn es wegen Ihrer Behinderung zu Problemen auf der Arbeit kommt.<\/p><p>Oder weil Sie k\u00fcnftig schwerbehindert sein werden und dazu Fragen haben.<\/p>\t\t\t\t\t\t\t\t<\/div>\n\t\t\t\t<\/div>\n\t\t\t\t\t<\/div>\n\t\t<\/div>\n\t\t\t\t\t<\/div>\n\t\t<\/section>\n\t\t\t\t<section class=\"elementor-section elementor-inner-section elementor-element elementor-element-f37b17f elementor-section-boxed elementor-section-height-default elementor-section-height-default\" data-id=\"f37b17f\" data-element_type=\"section\">\n\t\t\t\t\t\t<div class=\"elementor-container elementor-column-gap-default\">\n\t\t\t\t\t<div class=\"elementor-column elementor-col-100 elementor-inner-column elementor-element elementor-element-d4de27a\" data-id=\"d4de27a\" data-element_type=\"column\">\n\t\t\t<div class=\"elementor-widget-wrap elementor-element-populated\">\n\t\t\t\t\t\t<div class=\"elementor-element elementor-element-f1a1897 elementor-widget elementor-widget-text-editor\" data-id=\"f1a1897\" data-element_type=\"widget\" data-widget_type=\"text-editor.default\">\n\t\t\t\t<div class=\"elementor-widget-container\">\n\t\t\t\t\t\t\t\t\t<div class=\"elementor-element elementor-element-1bb52456 elementor-widget elementor-widget-text-editor\" data-id=\"1bb52456\" data-element_type=\"widget\" data-widget_type=\"text-editor.default\"><div class=\"elementor-widget-container\"><div class=\"elementor-text-editor elementor-clearfix\"><p>Wir helfen Ihnen:<\/p><ul><li>Wenn Sie Probleme mit Ihrem Chef, Ihrer Chefin, den Kollegen oder Kolleginnen haben.<\/li><li>Wenn Sie l\u00e4nger krank waren und wieder anfangen zu arbeiten.<\/li><li>Wenn Ihr Chef oder Ihre Chefin Ihnen k\u00fcndigen will.<\/li><li>Wenn Sie Fragen an \u00c4mter haben oder wenn \u00c4mter Ihnen Fragen stellen.<\/li><li>Wenn Sie bestimmte Hilfen an Ihrem Arbeitsplatz brauchen. Zum Beispiel eine besonders geformte Tastatur fu\u0308r den Computer.<\/li><li>Wenn Sie Fragen zum Schwerbehinderten-Recht haben.<\/li><li>Wenn Sie noch keine Schwerbehinderung haben und das beantragen wollen.<\/li><li>Wenn Sie Fragen zu Ihrer Rente haben.<\/li><li>Wenn Sie eine besondere Frage haben, die nur Ihre Situation betrifft.<\/li><\/ul><\/div><\/div><\/div>\t\t\t\t\t\t\t\t<\/div>\n\t\t\t\t<\/div>\n\t\t\t\t\t<\/div>\n\t\t<\/div>\n\t\t\t\t\t<\/div>\n\t\t<\/section>\n\t\t\t\t\t<\/div>\n\t\t<\/div>\n\t\t\t\t\t<\/div>\n\t\t<\/section>\n\t\t\t\t<\/div>\n\t\t","protected":false},"excerpt":{"rendered":"<p>Angebot f\u00fcr Besch\u00e4ftigte Sie arbeiten in Frankfurt am Main Bad Soden Eschborn Kelkheim Liederbach Schwalbach Sulzbach Wir beraten Sie zum Thema Arbeit und Behinderung. Zum Beispiel, wenn es wegen Ihrer Behinderung zu Problemen auf der Arbeit kommt. Oder weil Sie k\u00fcnftig schwerbehindert sein werden und dazu Fragen haben. Wir helfen Ihnen: Wenn Sie Probleme mit [&hellip;]<\/p>\n","protected":false},"author":1,"featured_media":0,"parent":0,"menu_order":0,"comment_status":"closed","ping_status":"closed","template":"","meta":{"_acf_changed":false,"footnotes":""},"class_list":["post-269","page","type-page","status-publish","hentry"],"acf":[],"yoast_head":"<!-- This site is optimized with the Yoast SEO plugin v24.6 - https:\/\/yoast.com\/wordpress\/plugins\/seo\/ -->\n<title>Angebot f\u00fcr Besch\u00e4ftigte - IFD Frankfurt<\/title>\n<meta name=\"robots\" content=\"index, follow, max-snippet:-1, max-image-preview:large, max-video-preview:-1\" \/>\n<link rel=\"canonical\" href=\"https:\/\/www.ifd-frankfurt.de\/angebot-fuer-beschaeftigte\/\" \/>\n<meta property=\"og:locale\" content=\"de_DE\" \/>\n<meta property=\"og:type\" content=\"article\" \/>\n<meta property=\"og:title\" content=\"Angebot f\u00fcr Besch\u00e4ftigte - IFD Frankfurt\" \/>\n<meta property=\"og:description\" content=\"Angebot f\u00fcr Besch\u00e4ftigte Sie arbeiten in Frankfurt am Main Bad Soden Eschborn Kelkheim Liederbach Schwalbach Sulzbach Wir beraten Sie zum Thema Arbeit und Behinderung. Zum Beispiel, wenn es wegen Ihrer Behinderung zu Problemen auf der Arbeit kommt. Oder weil Sie k\u00fcnftig schwerbehindert sein werden und dazu Fragen haben. Wir helfen Ihnen: Wenn Sie Probleme mit [&hellip;]\" \/>\n<meta property=\"og:url\" content=\"https:\/\/www.ifd-frankfurt.de\/angebot-fuer-beschaeftigte\/\" \/>\n<meta property=\"og:site_name\" content=\"IFD Frankfurt\" \/>\n<meta property=\"article:modified_time\" content=\"2019-09-17T08:26:52+00:00\" \/>\n<meta property=\"og:image\" content=\"https:\/\/www.ifd-frankfurt.de\/wp-content\/uploads\/2019\/09\/img_beschaeftigte.jpg\" \/>\n<meta name=\"twitter:card\" content=\"summary_large_image\" \/>\n<meta name=\"twitter:label1\" content=\"Est. reading time\" \/>\n\t<meta name=\"twitter:data1\" content=\"1 minute\" \/>\n<script type=\"application\/ld+json\" class=\"yoast-schema-graph\">{\"@context\":\"https:\/\/schema.org\",\"@graph\":[{\"@type\":\"WebPage\",\"@id\":\"https:\/\/www.ifd-frankfurt.de\/angebot-fuer-beschaeftigte\/\",\"url\":\"https:\/\/www.ifd-frankfurt.de\/angebot-fuer-beschaeftigte\/\",\"name\":\"Angebot f\u00fcr Besch\u00e4ftigte - IFD Frankfurt\",\"isPartOf\":{\"@id\":\"https:\/\/www.ifd-frankfurt.de\/#website\"},\"primaryImageOfPage\":{\"@id\":\"https:\/\/www.ifd-frankfurt.de\/angebot-fuer-beschaeftigte\/#primaryimage\"},\"image\":{\"@id\":\"https:\/\/www.ifd-frankfurt.de\/angebot-fuer-beschaeftigte\/#primaryimage\"},\"thumbnailUrl\":\"https:\/\/www.ifd-frankfurt.de\/wp-content\/uploads\/2019\/09\/img_beschaeftigte.jpg\",\"datePublished\":\"2019-08-13T17:25:25+00:00\",\"dateModified\":\"2019-09-17T08:26:52+00:00\",\"breadcrumb\":{\"@id\":\"https:\/\/www.ifd-frankfurt.de\/angebot-fuer-beschaeftigte\/#breadcrumb\"},\"inLanguage\":\"de-LS\",\"potentialAction\":[{\"@type\":\"ReadAction\",\"target\":[\"https:\/\/www.ifd-frankfurt.de\/angebot-fuer-beschaeftigte\/\"]}]},{\"@type\":\"ImageObject\",\"inLanguage\":\"de-LS\",\"@id\":\"https:\/\/www.ifd-frankfurt.de\/angebot-fuer-beschaeftigte\/#primaryimage\",\"url\":\"https:\/\/www.ifd-frankfurt.de\/wp-content\/uploads\/2019\/09\/img_beschaeftigte.jpg\",\"contentUrl\":\"https:\/\/www.ifd-frankfurt.de\/wp-content\/uploads\/2019\/09\/img_beschaeftigte.jpg\"},{\"@type\":\"BreadcrumbList\",\"@id\":\"https:\/\/www.ifd-frankfurt.de\/angebot-fuer-beschaeftigte\/#breadcrumb\",\"itemListElement\":[{\"@type\":\"ListItem\",\"position\":1,\"name\":\"Startseite\",\"item\":\"https:\/\/www.ifd-frankfurt.de\/de-ls\/\"},{\"@type\":\"ListItem\",\"position\":2,\"name\":\"Angebot f\u00fcr Besch\u00e4ftigte\"}]},{\"@type\":\"WebSite\",\"@id\":\"https:\/\/www.ifd-frankfurt.de\/#website\",\"url\":\"https:\/\/www.ifd-frankfurt.de\/\",\"name\":\"IFD Frankfurt\",\"description\":\"\",\"publisher\":{\"@id\":\"https:\/\/www.ifd-frankfurt.de\/#organization\"},\"potentialAction\":[{\"@type\":\"SearchAction\",\"target\":{\"@type\":\"EntryPoint\",\"urlTemplate\":\"https:\/\/www.ifd-frankfurt.de\/?s={search_term_string}\"},\"query-input\":{\"@type\":\"PropertyValueSpecification\",\"valueRequired\":true,\"valueName\":\"search_term_string\"}}],\"inLanguage\":\"de-LS\"},{\"@type\":\"Organization\",\"@id\":\"https:\/\/www.ifd-frankfurt.de\/#organization\",\"name\":\"IFD Frankfurt\",\"url\":\"https:\/\/www.ifd-frankfurt.de\/\",\"logo\":{\"@type\":\"ImageObject\",\"inLanguage\":\"de-LS\",\"@id\":\"https:\/\/www.ifd-frankfurt.de\/#\/schema\/logo\/image\/\",\"url\":\"https:\/\/www.ifd-frankfurt.de\/wp-content\/uploads\/2019\/09\/IFD_logo.svg\",\"contentUrl\":\"https:\/\/www.ifd-frankfurt.de\/wp-content\/uploads\/2019\/09\/IFD_logo.svg\",\"width\":164,\"height\":45,\"caption\":\"IFD Frankfurt\"},\"image\":{\"@id\":\"https:\/\/www.ifd-frankfurt.de\/#\/schema\/logo\/image\/\"}}]}<\/script>\n<!-- \/ Yoast SEO plugin. -->","yoast_head_json":{"title":"Angebot f\u00fcr Besch\u00e4ftigte - IFD Frankfurt","robots":{"index":"index","follow":"follow","max-snippet":"max-snippet:-1","max-image-preview":"max-image-preview:large","max-video-preview":"max-video-preview:-1"},"canonical":"https:\/\/www.ifd-frankfurt.de\/angebot-fuer-beschaeftigte\/","og_locale":"de_DE","og_type":"article","og_title":"Angebot f\u00fcr Besch\u00e4ftigte - IFD Frankfurt","og_description":"Angebot f\u00fcr Besch\u00e4ftigte Sie arbeiten in Frankfurt am Main Bad Soden Eschborn Kelkheim Liederbach Schwalbach Sulzbach Wir beraten Sie zum Thema Arbeit und Behinderung. Zum Beispiel, wenn es wegen Ihrer Behinderung zu Problemen auf der Arbeit kommt. Oder weil Sie k\u00fcnftig schwerbehindert sein werden und dazu Fragen haben. Wir helfen Ihnen: Wenn Sie Probleme mit [&hellip;]","og_url":"https:\/\/www.ifd-frankfurt.de\/angebot-fuer-beschaeftigte\/","og_site_name":"IFD Frankfurt","article_modified_time":"2019-09-17T08:26:52+00:00","og_image":[{"url":"https:\/\/www.ifd-frankfurt.de\/wp-content\/uploads\/2019\/09\/img_beschaeftigte.jpg","type":"","width":"","height":""}],"twitter_card":"summary_large_image","twitter_misc":{"Est. reading time":"1 minute"},"schema":{"@context":"https:\/\/schema.org","@graph":[{"@type":"WebPage","@id":"https:\/\/www.ifd-frankfurt.de\/angebot-fuer-beschaeftigte\/","url":"https:\/\/www.ifd-frankfurt.de\/angebot-fuer-beschaeftigte\/","name":"Angebot f\u00fcr Besch\u00e4ftigte - IFD Frankfurt","isPartOf":{"@id":"https:\/\/www.ifd-frankfurt.de\/#website"},"primaryImageOfPage":{"@id":"https:\/\/www.ifd-frankfurt.de\/angebot-fuer-beschaeftigte\/#primaryimage"},"image":{"@id":"https:\/\/www.ifd-frankfurt.de\/angebot-fuer-beschaeftigte\/#primaryimage"},"thumbnailUrl":"https:\/\/www.ifd-frankfurt.de\/wp-content\/uploads\/2019\/09\/img_beschaeftigte.jpg","datePublished":"2019-08-13T17:25:25+00:00","dateModified":"2019-09-17T08:26:52+00:00","breadcrumb":{"@id":"https:\/\/www.ifd-frankfurt.de\/angebot-fuer-beschaeftigte\/#breadcrumb"},"inLanguage":"de-LS","potentialAction":[{"@type":"ReadAction","target":["https:\/\/www.ifd-frankfurt.de\/angebot-fuer-beschaeftigte\/"]}]},{"@type":"ImageObject","inLanguage":"de-LS","@id":"https:\/\/www.ifd-frankfurt.de\/angebot-fuer-beschaeftigte\/#primaryimage","url":"https:\/\/www.ifd-frankfurt.de\/wp-content\/uploads\/2019\/09\/img_beschaeftigte.jpg","contentUrl":"https:\/\/www.ifd-frankfurt.de\/wp-content\/uploads\/2019\/09\/img_beschaeftigte.jpg"},{"@type":"BreadcrumbList","@id":"https:\/\/www.ifd-frankfurt.de\/angebot-fuer-beschaeftigte\/#breadcrumb","itemListElement":[{"@type":"ListItem","position":1,"name":"Startseite","item":"https:\/\/www.ifd-frankfurt.de\/de-ls\/"},{"@type":"ListItem","position":2,"name":"Angebot f\u00fcr Besch\u00e4ftigte"}]},{"@type":"WebSite","@id":"https:\/\/www.ifd-frankfurt.de\/#website","url":"https:\/\/www.ifd-frankfurt.de\/","name":"IFD Frankfurt","description":"","publisher":{"@id":"https:\/\/www.ifd-frankfurt.de\/#organization"},"potentialAction":[{"@type":"SearchAction","target":{"@type":"EntryPoint","urlTemplate":"https:\/\/www.ifd-frankfurt.de\/?s={search_term_string}"},"query-input":{"@type":"PropertyValueSpecification","valueRequired":true,"valueName":"search_term_string"}}],"inLanguage":"de-LS"},{"@type":"Organization","@id":"https:\/\/www.ifd-frankfurt.de\/#organization","name":"IFD Frankfurt","url":"https:\/\/www.ifd-frankfurt.de\/","logo":{"@type":"ImageObject","inLanguage":"de-LS","@id":"https:\/\/www.ifd-frankfurt.de\/#\/schema\/logo\/image\/","url":"https:\/\/www.ifd-frankfurt.de\/wp-content\/uploads\/2019\/09\/IFD_logo.svg","contentUrl":"https:\/\/www.ifd-frankfurt.de\/wp-content\/uploads\/2019\/09\/IFD_logo.svg","width":164,"height":45,"caption":"IFD Frankfurt"},"image":{"@id":"https:\/\/www.ifd-frankfurt.de\/#\/schema\/logo\/image\/"}}]}},"_links":{"self":[{"href":"https:\/\/www.ifd-frankfurt.de\/de-ls\/wp-json\/wp\/v2\/pages\/269","targetHints":{"allow":["GET"]}}],"collection":[{"href":"https:\/\/www.ifd-frankfurt.de\/de-ls\/wp-json\/wp\/v2\/pages"}],"about":[{"href":"https:\/\/www.ifd-frankfurt.de\/de-ls\/wp-json\/wp\/v2\/types\/page"}],"author":[{"embeddable":true,"href":"https:\/\/www.ifd-frankfurt.de\/de-ls\/wp-json\/wp\/v2\/users\/1"}],"replies":[{"embeddable":true,"href":"https:\/\/www.ifd-frankfurt.de\/de-ls\/wp-json\/wp\/v2\/comments?post=269"}],"version-history":[{"count":7,"href":"https:\/\/www.ifd-frankfurt.de\/de-ls\/wp-json\/wp\/v2\/pages\/269\/revisions"}],"predecessor-version":[{"id":1063,"href":"https:\/\/www.ifd-frankfurt.de\/de-ls\/wp-json\/wp\/v2\/pages\/269\/revisions\/1063"}],"wp:attachment":[{"href":"https:\/\/www.ifd-frankfurt.de\/de-ls\/wp-json\/wp\/v2\/media?parent=269"}],"curies":[{"name":"wp","href":"https:\/\/api.w.org\/{rel}","templated":true}]}}