{"id":633,"date":"2019-08-13T19:22:35","date_gmt":"2019-08-13T17:22:35","guid":{"rendered":"http:\/\/neu.ifd-frankfurt.de\/kontakt\/"},"modified":"2023-08-14T09:41:09","modified_gmt":"2023-08-14T07:41:09","slug":"kontakt","status":"publish","type":"page","link":"https:\/\/www.ifd-frankfurt.de\/de-gs\/kontakt\/","title":{"rendered":"Kontakt"},"content":{"rendered":"\t\t<div data-elementor-type=\"wp-post\" data-elementor-id=\"633\" class=\"elementor elementor-633 elementor-42\" data-elementor-post-type=\"page\">\n\t\t\t\t\t\t<section class=\"elementor-section elementor-top-section elementor-element elementor-element-dbfa6bc elementor-section-height-min-height elementor-section-items-top elementor-section-boxed elementor-section-height-default\" data-id=\"dbfa6bc\" data-element_type=\"section\">\n\t\t\t\t\t\t<div class=\"elementor-container elementor-column-gap-default\">\n\t\t\t\t\t<div class=\"elementor-column elementor-col-100 elementor-top-column elementor-element elementor-element-e0d0b8c\" data-id=\"e0d0b8c\" data-element_type=\"column\">\n\t\t\t<div class=\"elementor-widget-wrap elementor-element-populated\">\n\t\t\t\t\t\t<div class=\"elementor-element elementor-element-e604c3c elementor--v-position-bottom elementor--h-position-center elementor-widget elementor-widget-slides\" data-id=\"e604c3c\" data-element_type=\"widget\" data-settings=\"{&quot;navigation&quot;:&quot;none&quot;,&quot;autoplay_speed&quot;:4000,&quot;autoplay&quot;:&quot;yes&quot;,&quot;pause_on_interaction&quot;:&quot;yes&quot;,&quot;infinite&quot;:&quot;yes&quot;,&quot;transition&quot;:&quot;slide&quot;,&quot;transition_speed&quot;:500}\" data-widget_type=\"slides.default\">\n\t\t\t\t<div class=\"elementor-widget-container\">\n\t\t\t\t\t\t\t\t\t<div class=\"elementor-swiper\">\n\t\t\t\t\t<div class=\"elementor-slides-wrapper elementor-main-swiper swiper\" role=\"region\" aria-roledescription=\"carousel\" aria-label=\"Slides\" dir=\"ltr\" data-animation=\"fadeInUp\">\n\t\t\t\t<div class=\"swiper-wrapper elementor-slides\">\n\t\t\t\t\t\t\t\t\t\t<div class=\"elementor-repeater-item-1610643 swiper-slide\" role=\"group\" aria-roledescription=\"slide\"><div class=\"swiper-slide-bg\" role=\"img\"><\/div><div class=\"swiper-slide-inner\" ><div class=\"swiper-slide-contents\"><\/div><\/div><\/div><div class=\"elementor-repeater-item-5fd1023 swiper-slide\" role=\"group\" aria-roledescription=\"slide\"><div class=\"swiper-slide-bg\" role=\"img\"><\/div><div class=\"swiper-slide-inner\" ><div class=\"swiper-slide-contents\"><\/div><\/div><\/div><div class=\"elementor-repeater-item-bd00bfa swiper-slide\" role=\"group\" aria-roledescription=\"slide\"><div class=\"swiper-slide-bg\" role=\"img\"><\/div><div class=\"swiper-slide-inner\" ><div class=\"swiper-slide-contents\"><\/div><\/div><\/div>\t\t\t\t<\/div>\n\t\t\t\t\t\t\t\t\t\t\t\t\t\t\t\t\t\t\t\t\t<\/div>\n\t\t\t\t<\/div>\n\t\t\t\t\t\t\t\t<\/div>\n\t\t\t\t<\/div>\n\t\t\t\t\t<\/div>\n\t\t<\/div>\n\t\t\t\t\t<\/div>\n\t\t<\/section>\n\t\t\t\t<section class=\"elementor-section elementor-top-section elementor-element elementor-element-9d3e169 elementor-section-boxed elementor-section-height-default elementor-section-height-default\" data-id=\"9d3e169\" data-element_type=\"section\">\n\t\t\t\t\t\t<div class=\"elementor-container elementor-column-gap-no\">\n\t\t\t\t\t<div class=\"elementor-column elementor-col-100 elementor-top-column elementor-element elementor-element-db4f0cb\" data-id=\"db4f0cb\" data-element_type=\"column\">\n\t\t\t<div class=\"elementor-widget-wrap elementor-element-populated\">\n\t\t\t\t\t\t<section class=\"elementor-section elementor-inner-section elementor-element elementor-element-c8a2b1b elementor-section-boxed elementor-section-height-default elementor-section-height-default\" data-id=\"c8a2b1b\" data-element_type=\"section\">\n\t\t\t\t\t\t<div class=\"elementor-container elementor-column-gap-default\">\n\t\t\t\t\t<div class=\"elementor-column elementor-col-100 elementor-inner-column elementor-element elementor-element-276d0e7\" data-id=\"276d0e7\" data-element_type=\"column\">\n\t\t\t<div class=\"elementor-widget-wrap elementor-element-populated\">\n\t\t\t\t\t\t<div class=\"elementor-element elementor-element-d0fb4b9 lined elementor-widget elementor-widget-heading\" data-id=\"d0fb4b9\" data-element_type=\"widget\" data-widget_type=\"heading.default\">\n\t\t\t\t<div class=\"elementor-widget-container\">\n\t\t\t\t\t<h2 class=\"elementor-heading-title elementor-size-default\">Kontakt<\/h2>\t\t\t\t<\/div>\n\t\t\t\t<\/div>\n\t\t\t\t\t<\/div>\n\t\t<\/div>\n\t\t\t\t\t<\/div>\n\t\t<\/section>\n\t\t\t\t<section class=\"elementor-section elementor-inner-section elementor-element elementor-element-647b602 elementor-section-boxed elementor-section-height-default elementor-section-height-default\" data-id=\"647b602\" data-element_type=\"section\">\n\t\t\t\t\t\t<div class=\"elementor-container elementor-column-gap-default\">\n\t\t\t\t\t<div class=\"elementor-column elementor-col-50 elementor-inner-column elementor-element elementor-element-3e5b765\" data-id=\"3e5b765\" data-element_type=\"column\">\n\t\t\t<div class=\"elementor-widget-wrap elementor-element-populated\">\n\t\t\t\t\t\t<div class=\"elementor-element elementor-element-9c18e4a elementor-widget elementor-widget-text-editor\" data-id=\"9c18e4a\" data-element_type=\"widget\" data-widget_type=\"text-editor.default\">\n\t\t\t\t<div class=\"elementor-widget-container\">\n\t\t\t\t\t\t\t\t\t<p><span style=\"font-size: 1rem;\">Integrationsfachdienst Frankfurt<\/span><\/p>\n<p>Talstra\u00dfe 112<br \/>60437 Frankfurt am Main<\/p>\n<p>Fon: <a href=\"tel:0697580790\">069-7580790<\/a><br \/>Fax: 069-75807940<\/p>\n<p>E-Mail: <a href=\"mailto:ifd@frankfurter-verein.de\">ifd@frankfurter-verein.de<\/a><\/p>\n\t\t\t\t\t\t\t\t<\/div>\n\t\t\t\t<\/div>\n\t\t\t\t\t<\/div>\n\t\t<\/div>\n\t\t\t\t<div class=\"elementor-column elementor-col-50 elementor-inner-column elementor-element elementor-element-f170ca3\" data-id=\"f170ca3\" data-element_type=\"column\">\n\t\t\t<div class=\"elementor-widget-wrap elementor-element-populated\">\n\t\t\t\t\t\t<div class=\"elementor-element elementor-element-9df6566 elementor-button-align-end elementor-widget elementor-widget-form\" data-id=\"9df6566\" data-element_type=\"widget\" data-settings=\"{&quot;step_next_label&quot;:&quot;N\\u00e4chster&quot;,&quot;step_previous_label&quot;:&quot;Voriger&quot;,&quot;button_width&quot;:&quot;100&quot;,&quot;step_type&quot;:&quot;number_text&quot;,&quot;step_icon_shape&quot;:&quot;circle&quot;}\" data-widget_type=\"form.default\">\n\t\t\t\t<div class=\"elementor-widget-container\">\n\t\t\t\t\t\t\t<form class=\"elementor-form\" method=\"post\" name=\"Kontaktformular\">\n\t\t\t<input type=\"hidden\" name=\"post_id\" value=\"633\"\/>\n\t\t\t<input type=\"hidden\" name=\"form_id\" value=\"9df6566\"\/>\n\t\t\t<input type=\"hidden\" name=\"referer_title\" value=\"IFD Frankfurt\" \/>\n\n\t\t\t\n\t\t\t<div class=\"elementor-form-fields-wrapper elementor-labels-\">\n\t\t\t\t\t\t\t\t<div class=\"elementor-field-type-text elementor-field-group elementor-column elementor-field-group-name elementor-col-100 elementor-field-required\">\n\t\t\t\t\t\t\t\t\t\t\t\t<label for=\"form-field-name\" class=\"elementor-field-label elementor-screen-only\">\n\t\t\t\t\t\t\t\tName\t\t\t\t\t\t\t<\/label>\n\t\t\t\t\t\t\t\t\t\t\t\t\t\t<input size=\"1\" type=\"text\" name=\"form_fields[name]\" id=\"form-field-name\" class=\"elementor-field elementor-size-md  elementor-field-textual\" placeholder=\"Ihr vollst\u00e4ndiger Name*\" required=\"required\">\n\t\t\t\t\t\t\t\t\t\t\t<\/div>\n\t\t\t\t\t\t\t\t<div class=\"elementor-field-type-email elementor-field-group elementor-column elementor-field-group-email elementor-col-100 elementor-field-required\">\n\t\t\t\t\t\t\t\t\t\t\t\t<label for=\"form-field-email\" class=\"elementor-field-label elementor-screen-only\">\n\t\t\t\t\t\t\t\tEmail\t\t\t\t\t\t\t<\/label>\n\t\t\t\t\t\t\t\t\t\t\t\t\t\t<input size=\"1\" type=\"email\" name=\"form_fields[email]\" id=\"form-field-email\" class=\"elementor-field elementor-size-md  elementor-field-textual\" placeholder=\"Ihre E-Mail Adresse*\" required=\"required\">\n\t\t\t\t\t\t\t\t\t\t\t<\/div>\n\t\t\t\t\t\t\t\t<div class=\"elementor-field-type-tel elementor-field-group elementor-column elementor-field-group-field_1 elementor-col-100\">\n\t\t\t\t\t\t\t\t\t\t\t\t<label for=\"form-field-field_1\" class=\"elementor-field-label elementor-screen-only\">\n\t\t\t\t\t\t\t\tRufnummer\t\t\t\t\t\t\t<\/label>\n\t\t\t\t\t\t\t\t<input size=\"1\" type=\"tel\" name=\"form_fields[field_1]\" id=\"form-field-field_1\" class=\"elementor-field elementor-size-md  elementor-field-textual\" placeholder=\"Ihre Rufnummer (optional)\" pattern=\"[0-9()#&amp;+*-=.]+\" title=\"Only numbers and phone characters (#, -, *, etc) are accepted.\">\n\n\t\t\t\t\t\t<\/div>\n\t\t\t\t\t\t\t\t<div class=\"elementor-field-type-text elementor-field-group elementor-column elementor-field-group-field_f493c86 elementor-col-100\">\n\t\t\t\t\t\t\t\t\t\t\t\t<label for=\"form-field-field_f493c86\" class=\"elementor-field-label elementor-screen-only\">\n\t\t\t\t\t\t\t\tArbeitgeber\t\t\t\t\t\t\t<\/label>\n\t\t\t\t\t\t\t\t\t\t\t\t\t\t<input size=\"1\" type=\"text\" name=\"form_fields[field_f493c86]\" id=\"form-field-field_f493c86\" class=\"elementor-field elementor-size-md  elementor-field-textual\" placeholder=\"Ihr Arbeitgeber (optional)\">\n\t\t\t\t\t\t\t\t\t\t\t<\/div>\n\t\t\t\t\t\t\t\t<div class=\"elementor-field-type-textarea elementor-field-group elementor-column elementor-field-group-message elementor-col-100 elementor-field-required\">\n\t\t\t\t\t\t\t\t\t\t\t\t<label for=\"form-field-message\" class=\"elementor-field-label elementor-screen-only\">\n\t\t\t\t\t\t\t\tNachricht\t\t\t\t\t\t\t<\/label>\n\t\t\t\t\t\t<textarea class=\"elementor-field-textual elementor-field  elementor-size-md\" name=\"form_fields[message]\" id=\"form-field-message\" rows=\"4\" placeholder=\"Ihre Nachricht an uns*\" required=\"required\"><\/textarea>\t\t\t\t<\/div>\n\t\t\t\t\t\t\t\t<div class=\"elementor-field-group elementor-column elementor-field-type-submit elementor-col-100 e-form__buttons\">\n\t\t\t\t\t<button class=\"elementor-button elementor-size-sm\" type=\"submit\">\n\t\t\t\t\t\t<span class=\"elementor-button-content-wrapper\">\n\t\t\t\t\t\t\t\t\t\t\t\t\t\t\t\t\t\t\t\t\t\t<span class=\"elementor-button-text\">Absenden<\/span>\n\t\t\t\t\t\t\t\t\t\t\t\t\t<\/span>\n\t\t\t\t\t<\/button>\n\t\t\t\t<\/div>\n\t\t\t<\/div>\n\t\t<\/form>\n\t\t\t\t\t\t<\/div>\n\t\t\t\t<\/div>\n\t\t\t\t\t<\/div>\n\t\t<\/div>\n\t\t\t\t\t<\/div>\n\t\t<\/section>\n\t\t\t\t<section class=\"elementor-section elementor-inner-section elementor-element elementor-element-aa81cf0 elementor-section-boxed elementor-section-height-default elementor-section-height-default\" data-id=\"aa81cf0\" data-element_type=\"section\">\n\t\t\t\t\t\t<div class=\"elementor-container elementor-column-gap-default\">\n\t\t\t\t\t<div class=\"elementor-column elementor-col-100 elementor-inner-column elementor-element elementor-element-a958929\" data-id=\"a958929\" data-element_type=\"column\">\n\t\t\t<div class=\"elementor-widget-wrap elementor-element-populated\">\n\t\t\t\t\t\t<div class=\"elementor-element elementor-element-09a55a1 elementor-widget elementor-widget-text-editor\" data-id=\"09a55a1\" data-element_type=\"widget\" data-widget_type=\"text-editor.default\">\n\t\t\t\t<div class=\"elementor-widget-container\">\n\t\t\t\t\t\t\t\t\t<p><strong style=\"font-size: 1rem;\">Ihr Weg zum IFD Frankfurt mit den \u00f6ffentlichen Verkehrsmitteln<\/strong><span style=\"font-size: 1rem;\">:<br \/><\/span><span style=\"font-size: 1rem;\">Mit den U-Bahn-Linien U2 oder U9 bis Haltestelle \u201eKalbach\u201c.<\/span><\/p>\n<p>Von dort sind es wenige Minuten Fu\u00dfweg -&gt; Von der Haltestelle Kalbach aus in den unteren Kalbacher Weg gehen. Autobahnbr\u00fccke unterqueren. Der untere Kalbacher Weg wird dann zur Talstra\u00dfe. Unseren Integrationsfachdienst finden Sie in der Talstra\u00dfe 112 auf der linken Seite.<\/p>\n<p>Der Empfang des Integrationsfachdienstes befindet sich im 1. Stock. Das Geb\u00e4ude ist barrierefrei zug\u00e4nglich.<\/p>\n<p><strong>\u00a0<\/strong><\/p>\n<p><strong>Parkm\u00f6glichkeiten<\/strong>:<br \/><span style=\"font-size: 1rem;\">An der Haltestelle \u201eKalbach\u201c befindet sich ein kostenfreier Park + Ride Parkplatz. Ein Behindertenparkplatz ist vor dem Geb\u00e4ude ausgewiesen.<\/span><\/p>\n\t\t\t\t\t\t\t\t<\/div>\n\t\t\t\t<\/div>\n\t\t\t\t\t<\/div>\n\t\t<\/div>\n\t\t\t\t\t<\/div>\n\t\t<\/section>\n\t\t\t\t<section class=\"elementor-section elementor-inner-section elementor-element elementor-element-7cd809d elementor-section-boxed elementor-section-height-default elementor-section-height-default\" data-id=\"7cd809d\" data-element_type=\"section\">\n\t\t\t\t\t\t<div class=\"elementor-container elementor-column-gap-default\">\n\t\t\t\t\t<div class=\"elementor-column elementor-col-100 elementor-inner-column elementor-element elementor-element-6559ab1\" data-id=\"6559ab1\" data-element_type=\"column\">\n\t\t\t<div class=\"elementor-widget-wrap elementor-element-populated\">\n\t\t\t\t\t\t<div class=\"elementor-element elementor-element-eb58531 elementor-widget elementor-widget-google_maps\" data-id=\"eb58531\" data-element_type=\"widget\" data-widget_type=\"google_maps.default\">\n\t\t\t\t<div class=\"elementor-widget-container\">\n\t\t\t\t\t\t\t<div class=\"elementor-custom-embed\">\n\t\t\t<iframe loading=\"lazy\"\n\t\t\t\t\tsrc=\"https:\/\/maps.google.com\/maps?q=Talstra%C3%9Fe%20112%2C%20Frankfurt&#038;t=m&#038;z=13&#038;output=embed&#038;iwloc=near\"\n\t\t\t\t\ttitle=\"Talstra\u00dfe 112, Frankfurt\"\n\t\t\t\t\taria-label=\"Talstra\u00dfe 112, Frankfurt\"\n\t\t\t><\/iframe>\n\t\t<\/div>\n\t\t\t\t\t\t<\/div>\n\t\t\t\t<\/div>\n\t\t\t\t\t<\/div>\n\t\t<\/div>\n\t\t\t\t\t<\/div>\n\t\t<\/section>\n\t\t\t\t<section class=\"elementor-section elementor-inner-section elementor-element elementor-element-d91bf29 elementor-section-boxed elementor-section-height-default elementor-section-height-default\" data-id=\"d91bf29\" data-element_type=\"section\">\n\t\t\t\t\t\t<div class=\"elementor-container elementor-column-gap-default\">\n\t\t\t\t\t<div class=\"elementor-column elementor-col-100 elementor-inner-column elementor-element elementor-element-d649180\" data-id=\"d649180\" data-element_type=\"column\">\n\t\t\t<div class=\"elementor-widget-wrap\">\n\t\t\t\t\t\t\t<\/div>\n\t\t<\/div>\n\t\t\t\t\t<\/div>\n\t\t<\/section>\n\t\t\t\t<section class=\"elementor-section elementor-inner-section elementor-element elementor-element-bf05ea6 elementor-section-boxed elementor-section-height-default elementor-section-height-default\" data-id=\"bf05ea6\" data-element_type=\"section\">\n\t\t\t\t\t\t<div class=\"elementor-container elementor-column-gap-default\">\n\t\t\t\t\t<div class=\"elementor-column elementor-col-100 elementor-inner-column elementor-element elementor-element-bb99fc2\" data-id=\"bb99fc2\" data-element_type=\"column\">\n\t\t\t<div class=\"elementor-widget-wrap\">\n\t\t\t\t\t\t\t<\/div>\n\t\t<\/div>\n\t\t\t\t\t<\/div>\n\t\t<\/section>\n\t\t\t\t\t<\/div>\n\t\t<\/div>\n\t\t\t\t\t<\/div>\n\t\t<\/section>\n\t\t\t\t<\/div>\n\t\t","protected":false},"excerpt":{"rendered":"<p>Kontakt Integrationsfachdienst Frankfurt Talstra\u00dfe 11260437 Frankfurt am Main Fon: 069-7580790Fax: 069-75807940 E-Mail: ifd@frankfurter-verein.de Ihr Weg zum IFD Frankfurt mit den \u00f6ffentlichen Verkehrsmitteln:Mit den U-Bahn-Linien U2 oder U9 bis Haltestelle \u201eKalbach\u201c. Von dort sind es wenige Minuten Fu\u00dfweg -&gt; Von der Haltestelle Kalbach aus in den unteren Kalbacher Weg gehen. Autobahnbr\u00fccke unterqueren. Der untere Kalbacher Weg [&hellip;]<\/p>\n","protected":false},"author":1,"featured_media":0,"parent":0,"menu_order":0,"comment_status":"closed","ping_status":"closed","template":"","meta":{"_acf_changed":false,"footnotes":""},"class_list":["post-633","page","type-page","status-publish","hentry"],"acf":[],"yoast_head":"<!-- This site is optimized with the Yoast SEO plugin v24.6 - https:\/\/yoast.com\/wordpress\/plugins\/seo\/ -->\n<title>Kontakt - IFD Frankfurt<\/title>\n<meta name=\"robots\" content=\"index, follow, max-snippet:-1, max-image-preview:large, max-video-preview:-1\" \/>\n<link rel=\"canonical\" href=\"https:\/\/www.ifd-frankfurt.de\/kontakt\/\" \/>\n<meta property=\"og:locale\" content=\"de_DE\" \/>\n<meta property=\"og:type\" content=\"article\" \/>\n<meta property=\"og:title\" content=\"Kontakt - IFD Frankfurt\" \/>\n<meta property=\"og:description\" content=\"Kontakt Integrationsfachdienst Frankfurt Talstra\u00dfe 11260437 Frankfurt am Main Fon: 069-7580790Fax: 069-75807940 E-Mail: ifd@frankfurter-verein.de Ihr Weg zum IFD Frankfurt mit den \u00f6ffentlichen Verkehrsmitteln:Mit den U-Bahn-Linien U2 oder U9 bis Haltestelle \u201eKalbach\u201c. Von dort sind es wenige Minuten Fu\u00dfweg -&gt; Von der Haltestelle Kalbach aus in den unteren Kalbacher Weg gehen. Autobahnbr\u00fccke unterqueren. Der untere Kalbacher Weg [&hellip;]\" \/>\n<meta property=\"og:url\" content=\"https:\/\/www.ifd-frankfurt.de\/kontakt\/\" \/>\n<meta property=\"og:site_name\" content=\"IFD Frankfurt\" \/>\n<meta property=\"article:modified_time\" content=\"2023-08-14T07:41:09+00:00\" \/>\n<meta name=\"twitter:card\" content=\"summary_large_image\" \/>\n<meta name=\"twitter:label1\" content=\"Est. reading time\" \/>\n\t<meta name=\"twitter:data1\" content=\"1 minute\" \/>\n<script type=\"application\/ld+json\" class=\"yoast-schema-graph\">{\"@context\":\"https:\/\/schema.org\",\"@graph\":[{\"@type\":\"WebPage\",\"@id\":\"https:\/\/www.ifd-frankfurt.de\/kontakt\/\",\"url\":\"https:\/\/www.ifd-frankfurt.de\/kontakt\/\",\"name\":\"Kontakt - IFD Frankfurt\",\"isPartOf\":{\"@id\":\"https:\/\/www.ifd-frankfurt.de\/#website\"},\"datePublished\":\"2019-08-13T17:22:35+00:00\",\"dateModified\":\"2023-08-14T07:41:09+00:00\",\"breadcrumb\":{\"@id\":\"https:\/\/www.ifd-frankfurt.de\/kontakt\/#breadcrumb\"},\"inLanguage\":\"de-GS\",\"potentialAction\":[{\"@type\":\"ReadAction\",\"target\":[\"https:\/\/www.ifd-frankfurt.de\/kontakt\/\"]}]},{\"@type\":\"BreadcrumbList\",\"@id\":\"https:\/\/www.ifd-frankfurt.de\/kontakt\/#breadcrumb\",\"itemListElement\":[{\"@type\":\"ListItem\",\"position\":1,\"name\":\"Startseite\",\"item\":\"https:\/\/www.ifd-frankfurt.de\/de-gs\/\"},{\"@type\":\"ListItem\",\"position\":2,\"name\":\"Kontakt\"}]},{\"@type\":\"WebSite\",\"@id\":\"https:\/\/www.ifd-frankfurt.de\/#website\",\"url\":\"https:\/\/www.ifd-frankfurt.de\/\",\"name\":\"IFD Frankfurt\",\"description\":\"\",\"publisher\":{\"@id\":\"https:\/\/www.ifd-frankfurt.de\/#organization\"},\"potentialAction\":[{\"@type\":\"SearchAction\",\"target\":{\"@type\":\"EntryPoint\",\"urlTemplate\":\"https:\/\/www.ifd-frankfurt.de\/?s={search_term_string}\"},\"query-input\":{\"@type\":\"PropertyValueSpecification\",\"valueRequired\":true,\"valueName\":\"search_term_string\"}}],\"inLanguage\":\"de-GS\"},{\"@type\":\"Organization\",\"@id\":\"https:\/\/www.ifd-frankfurt.de\/#organization\",\"name\":\"IFD Frankfurt\",\"url\":\"https:\/\/www.ifd-frankfurt.de\/\",\"logo\":{\"@type\":\"ImageObject\",\"inLanguage\":\"de-GS\",\"@id\":\"https:\/\/www.ifd-frankfurt.de\/#\/schema\/logo\/image\/\",\"url\":\"https:\/\/www.ifd-frankfurt.de\/wp-content\/uploads\/2019\/09\/IFD_logo.svg\",\"contentUrl\":\"https:\/\/www.ifd-frankfurt.de\/wp-content\/uploads\/2019\/09\/IFD_logo.svg\",\"width\":164,\"height\":45,\"caption\":\"IFD Frankfurt\"},\"image\":{\"@id\":\"https:\/\/www.ifd-frankfurt.de\/#\/schema\/logo\/image\/\"}}]}<\/script>\n<!-- \/ Yoast SEO plugin. -->","yoast_head_json":{"title":"Kontakt - IFD Frankfurt","robots":{"index":"index","follow":"follow","max-snippet":"max-snippet:-1","max-image-preview":"max-image-preview:large","max-video-preview":"max-video-preview:-1"},"canonical":"https:\/\/www.ifd-frankfurt.de\/kontakt\/","og_locale":"de_DE","og_type":"article","og_title":"Kontakt - IFD Frankfurt","og_description":"Kontakt Integrationsfachdienst Frankfurt Talstra\u00dfe 11260437 Frankfurt am Main Fon: 069-7580790Fax: 069-75807940 E-Mail: ifd@frankfurter-verein.de Ihr Weg zum IFD Frankfurt mit den \u00f6ffentlichen Verkehrsmitteln:Mit den U-Bahn-Linien U2 oder U9 bis Haltestelle \u201eKalbach\u201c. Von dort sind es wenige Minuten Fu\u00dfweg -&gt; Von der Haltestelle Kalbach aus in den unteren Kalbacher Weg gehen. Autobahnbr\u00fccke unterqueren. Der untere Kalbacher Weg [&hellip;]","og_url":"https:\/\/www.ifd-frankfurt.de\/kontakt\/","og_site_name":"IFD Frankfurt","article_modified_time":"2023-08-14T07:41:09+00:00","twitter_card":"summary_large_image","twitter_misc":{"Est. reading time":"1 minute"},"schema":{"@context":"https:\/\/schema.org","@graph":[{"@type":"WebPage","@id":"https:\/\/www.ifd-frankfurt.de\/kontakt\/","url":"https:\/\/www.ifd-frankfurt.de\/kontakt\/","name":"Kontakt - IFD Frankfurt","isPartOf":{"@id":"https:\/\/www.ifd-frankfurt.de\/#website"},"datePublished":"2019-08-13T17:22:35+00:00","dateModified":"2023-08-14T07:41:09+00:00","breadcrumb":{"@id":"https:\/\/www.ifd-frankfurt.de\/kontakt\/#breadcrumb"},"inLanguage":"de-GS","potentialAction":[{"@type":"ReadAction","target":["https:\/\/www.ifd-frankfurt.de\/kontakt\/"]}]},{"@type":"BreadcrumbList","@id":"https:\/\/www.ifd-frankfurt.de\/kontakt\/#breadcrumb","itemListElement":[{"@type":"ListItem","position":1,"name":"Startseite","item":"https:\/\/www.ifd-frankfurt.de\/de-gs\/"},{"@type":"ListItem","position":2,"name":"Kontakt"}]},{"@type":"WebSite","@id":"https:\/\/www.ifd-frankfurt.de\/#website","url":"https:\/\/www.ifd-frankfurt.de\/","name":"IFD Frankfurt","description":"","publisher":{"@id":"https:\/\/www.ifd-frankfurt.de\/#organization"},"potentialAction":[{"@type":"SearchAction","target":{"@type":"EntryPoint","urlTemplate":"https:\/\/www.ifd-frankfurt.de\/?s={search_term_string}"},"query-input":{"@type":"PropertyValueSpecification","valueRequired":true,"valueName":"search_term_string"}}],"inLanguage":"de-GS"},{"@type":"Organization","@id":"https:\/\/www.ifd-frankfurt.de\/#organization","name":"IFD Frankfurt","url":"https:\/\/www.ifd-frankfurt.de\/","logo":{"@type":"ImageObject","inLanguage":"de-GS","@id":"https:\/\/www.ifd-frankfurt.de\/#\/schema\/logo\/image\/","url":"https:\/\/www.ifd-frankfurt.de\/wp-content\/uploads\/2019\/09\/IFD_logo.svg","contentUrl":"https:\/\/www.ifd-frankfurt.de\/wp-content\/uploads\/2019\/09\/IFD_logo.svg","width":164,"height":45,"caption":"IFD Frankfurt"},"image":{"@id":"https:\/\/www.ifd-frankfurt.de\/#\/schema\/logo\/image\/"}}]}},"_links":{"self":[{"href":"https:\/\/www.ifd-frankfurt.de\/de-gs\/wp-json\/wp\/v2\/pages\/633","targetHints":{"allow":["GET"]}}],"collection":[{"href":"https:\/\/www.ifd-frankfurt.de\/de-gs\/wp-json\/wp\/v2\/pages"}],"about":[{"href":"https:\/\/www.ifd-frankfurt.de\/de-gs\/wp-json\/wp\/v2\/types\/page"}],"author":[{"embeddable":true,"href":"https:\/\/www.ifd-frankfurt.de\/de-gs\/wp-json\/wp\/v2\/users\/1"}],"replies":[{"embeddable":true,"href":"https:\/\/www.ifd-frankfurt.de\/de-gs\/wp-json\/wp\/v2\/comments?post=633"}],"version-history":[{"count":6,"href":"https:\/\/www.ifd-frankfurt.de\/de-gs\/wp-json\/wp\/v2\/pages\/633\/revisions"}],"predecessor-version":[{"id":1908,"href":"https:\/\/www.ifd-frankfurt.de\/de-gs\/wp-json\/wp\/v2\/pages\/633\/revisions\/1908"}],"wp:attachment":[{"href":"https:\/\/www.ifd-frankfurt.de\/de-gs\/wp-json\/wp\/v2\/media?parent=633"}],"curies":[{"name":"wp","href":"https:\/\/api.w.org\/{rel}","templated":true}]}}